{"id":137628,"date":"2023-04-28T04:56:18","date_gmt":"2023-04-28T04:56:18","guid":{"rendered":"https:\/\/instituteprojectmanagement.com\/certificacion-mip\/"},"modified":"2026-02-02T05:51:11","modified_gmt":"2026-02-02T05:51:11","slug":"certificacion-mip","status":"publish","type":"page","link":"https:\/\/instituteprojectmanagement.com\/es\/certificacion-mip\/","title":{"rendered":"Certificaci\u00f3n MIP"},"content":{"rendered":"","protected":false},"excerpt":{"rendered":"","protected":false},"author":8,"featured_media":0,"parent":0,"menu_order":0,"comment_status":"closed","ping_status":"closed","template":"page-ipm-certification.php","meta":{"_acf_changed":false,"inline_featured_image":false,"footnotes":""},"class_list":["post-137628","page","type-page","status-publish","hentry"],"acf":{"certification_page_photo":137637,"certification_page_title":"Certificaci\u00f3n MIP","certification_page_description":"El Instituto de Gesti\u00f3n de Proyectos ofrece acceso a certificaciones, acreditaciones y cualificaciones profesionales de reconocimiento mundial en Gesti\u00f3n de Proyectos. Elija entre nuestra selecci\u00f3n de cursos altamente valorados para obtener la certificaci\u00f3n que necesita para alcanzar sus objetivos profesionales e impulsar su carrera en Gesti\u00f3n de Proyectos.","certification_page_logo":137630,"logos":[{"certification_page_logo":137630}],"certification_page_button":{"title":"Explorar la certificaci\u00f3n IPM","url":"https:\/\/instituteprojectmanagement.com\/cursos\/","target":""},"certification_title":"\u00bfQui\u00e9n es IPM?","certification_desc":"El Instituto de Gesti\u00f3n de Proyectos (IPM) se erige como una autoridad mundial en el campo de la gesti\u00f3n de proyectos, ofreciendo una oferta integral de formaci\u00f3n, certificaci\u00f3n y servicios de membres\u00eda. Fundado en 1989, IPM ha capacitado con \u00e9xito a m\u00e1s de 50.000 profesionales y ha certificado a m\u00e1s de 10.000 gestores de proyectos. Reconocido mundialmente, IPM cuenta con una experiencia inigualable en las disciplinas de gesti\u00f3n de proyectos, programas y portafolios. Cabe destacar que IPM es miembro de la Asociaci\u00f3n Internacional de Gesti\u00f3n de Proyectos (IPMA\u00ae), la asociaci\u00f3n pionera en gesti\u00f3n profesional de proyectos que re\u00fane a m\u00e1s de 70 pa\u00edses en seis continentes.\r\n\r\nUn pilar fundamental de la excelencia de IPM reside en su profesorado, compuesto por expertos especializados en la industria. Cada miembro posee cualificaciones acad\u00e9micas y profesionales, adem\u00e1s de experiencia pr\u00e1ctica en gesti\u00f3n de proyectos en contextos empresariales reales. Las colaboraciones con entidades prestigiosas como IPMA, Axelos y PMI le brindan acceso a un gran talento docente, tanto nacional como internacional. Esta red estrat\u00e9gica se extiende a alianzas con diversas organizaciones e individuos de todos los sectores, lo que facilita el desarrollo de competencias, pr\u00e1cticas y credenciales de certificaci\u00f3n. Esto, a su vez, les permite ejecutar proyectos con un alto grado de \u00e9xito.","certification_photo":137631,"certification_button":"","certification_revers_title":"Nuestra filosof\u00eda y misi\u00f3n","certification_revers_desc":"IPM sigue una filosof\u00eda centrada en alinear sus programas de formaci\u00f3n y certificaci\u00f3n con los conocimientos y las mejores pr\u00e1cticas m\u00e1s actuales en gesti\u00f3n de proyectos. Para lograrlo, IPM realiza importantes inversiones en la colaboraci\u00f3n activa con la comunidad global de gesti\u00f3n de proyectos.\r\n\r\nLa misi\u00f3n de IPM es impulsar el \u00e9xito de la profesi\u00f3n de proyectos en un mundo complejo y cambiante. Su principal objetivo es ofrecer formaci\u00f3n, desarrollar cualificaciones y proporcionar certificaciones que capaciten a personas y organizaciones para ejecutar proyectos eficazmente, generando impactos y beneficios sociales positivos.","certification_revers_photo":137632,"certification_revers_button":"","diploma_title":"Diplomas profesionales de IPM","diploma_description":"IPM ofrece cualificaciones profesionales integradas del MEC y <a href=\"https:\/\/instituteprojectmanagement.com\/ipma-certification\/\">IPMA\u00ae<\/a> a trav\u00e9s de programas de diploma acreditados.\r\n\r\nEl Marco Europeo de Cualificaciones (MEC) es un marco de ocho niveles para todas las cualificaciones, basado en los resultados del aprendizaje. Act\u00faa como un traductor entre los diferentes marcos nacionales de cualificaciones. El MEC se estableci\u00f3 en 2008 y se revis\u00f3 en 2017. Mejora la transparencia, la comparabilidad y la transferibilidad de las cualificaciones, permitiendo comparaciones entre pa\u00edses e instituciones.","accreditation_diploma_title":"Acreditaci\u00f3n","accreditation_description":"IPM ha obtenido la acreditaci\u00f3n de la Universidad Tecnol\u00f3gica de Dubl\u00edn. Esta acreditaci\u00f3n le permite acceder a los Premios de Prop\u00f3sito Especial de Nivel 6 y 7 del Marco Europeo de Cualificaciones (EQF), que equivalen a 15 cr\u00e9ditos ECTS (Sistema Europeo de Transferencia de Cr\u00e9ditos). La acreditaci\u00f3n tambi\u00e9n valida los siguientes aspectos:\r\n<ul class=\"list_styling\">\r\n \t<li>Plan de estudios: IPM ofrece un plan de estudios de gesti\u00f3n de proyectos extenso y riguroso que abarca todas las facetas de la gesti\u00f3n de proyectos.<\/li>\r\n \t<li>Profesorado: IPM cuenta con un equipo de profesorado excepcionalmente cualificado, cada uno especializado en gesti\u00f3n de proyectos, programas y portafolios. Este profesorado posee experiencia pr\u00e1ctica y credenciales acad\u00e9micas, lo que le permite impartir formaci\u00f3n de la m\u00e1s alta calidad.<\/li>\r\n \t<li>Est\u00e1ndares: IPM se adhiere a los est\u00e1ndares globales y las mejores pr\u00e1cticas establecidas por organizaciones como IPMA y PMI. Estos est\u00e1ndares garantizan que los graduados de IPM posean las habilidades y los conocimientos esenciales necesarios para el \u00e9xito en el \u00e1mbito profesional.<\/li>\r\n<\/ul>","certification_diploma_desc":"<h3>Evaluaci\u00f3n<\/h3>\r\nPara obtener el diploma, los candidatos se someter\u00e1n a una evaluaci\u00f3n a trav\u00e9s de diversos componentes, como una autoevaluaci\u00f3n, un proyecto escrito o un examen en l\u00ednea de 3 horas. El tipo de evaluaci\u00f3n var\u00eda seg\u00fan el programa del diploma.\r\n<h3><\/h3>\r\n<h3>Competencias<\/h3>\r\n<ul>\r\n \t<li><strong>Diploma Certificado en Gesti\u00f3n de Proyectos (Nivel EQF 6)<\/strong> Este diploma certifica a las personas que poseen un conocimiento integral en la gesti\u00f3n exitosa de proyectos desde su inicio hasta su finalizaci\u00f3n.<\/li>\r\n \t<li><strong>Diploma en Gesti\u00f3n Estrat\u00e9gica de Proyectos y Programas (Nivel EQF 7)<\/strong> Este diploma reconoce a las personas que demuestran una competencia avanzada en la gesti\u00f3n de m\u00faltiples proyectos con un enfoque estrat\u00e9gico, orientado a la consecuci\u00f3n de resultados significativos.<\/li>\r\n \t<li><strong>Diploma en Liderazgo y Gesti\u00f3n de Proyectos (Nivel EQF 7)<\/strong> Este diploma reconoce a las personas que demuestran una inteligencia emocional excepcional, habilidades de comunicaci\u00f3n efectivas y la capacidad de cultivar relaciones productivas. Est\u00e1n capacitados para liderar equipos de alto rendimiento y convertirse en l\u00edderes de proyectos consumados.<\/li>\r\n<\/ul>","certification_diploma_photo":137633,"certification_diploma_button":"","ipm_certificat_title":"Certificados profesionales de IPM","ipm_certificate_description":"IPM invierte constantemente en el desarrollo de programas educativos de gesti\u00f3n de proyectos con un fuerte enfoque profesional. Estos programas te brindan acceso a una formaci\u00f3n moderna y transformadora que abarca todas las metodolog\u00edas y enfoques esenciales de la gesti\u00f3n de proyectos.","ipm_certificate_photo":137634,"right_certificates":[{"right_title":"Certificado Agile de IPM","right_description":"Para prosperar en una era de cambios vertiginosos, las organizaciones deben evaluar, responder y adaptarse con mayor rapidez que antes. Una mentalidad \u00e1gil, el \u00e9nfasis en el valor y un enfoque de planificaci\u00f3n iterativa allanan el camino.\r\n\r\nEl Certificado IPM Agile valida tu comprensi\u00f3n de los principios y marcos esenciales de Agile, facilitando el inicio de tu carrera acreditada como Gestor de Proyectos Agile. Esta credencial a\u00f1ade 21.0 PDU (Unidades de Desarrollo Profesional) a tu historial de Desarrollo Profesional Continuo.\r\n\r\nEl programa de <a href=\"https:\/\/instituteprojectmanagement.com\/courses\/certified-agile-project-management\/\">Gesti\u00f3n Certificada de Proyectos Agile<\/a> te proporciona esta certificaci\u00f3n. Al inscribirte en este curso de 3 d\u00edas, tambi\u00e9n obtendr\u00e1s la Certificaci\u00f3n Profesional Internacional IPMA Agile\u00ae."},{"right_title":"Certificado IPM Scrum","right_description":"Scrum se consolida como la metodolog\u00eda \u00e1gil m\u00e1s popular, como lo destaca el 16.\u00ba Informe sobre el Estado de la Agilidad. El informe revela que el 87 % de los encuestados utiliza actualmente Scrum en sus organizaciones.\r\n\r\nEl Certificado IPM Scrum valida una s\u00f3lida comprensi\u00f3n de los principios de Scrum y la capacidad de liderar un equipo Scrum eficazmente hasta la finalizaci\u00f3n del proyecto. Este certificado implica mucho m\u00e1s que la simple asistencia al curso; para obtenerlo se requiere aprobar el examen final escrito, con una tasa de aprobaci\u00f3n del 60 %. Adem\u00e1s, el Certificado IPM Scrum aporta 14 PDU (Unidades de Desarrollo Profesional) a su historial de Desarrollo Profesional Continuo.\r\n\r\nParticipar en el curso <a href=\"https:\/\/instituteprojectmanagement.com\/courses\/ipm-scrum-master\/\">PSM Scrum Master<\/a> no solo permite obtener esta credencial, sino que tambi\u00e9n sirve como preparaci\u00f3n para el examen de certificaci\u00f3n Professional Scrum Master\u2122 (PSM I) que ofrece Scrum.org."}],"left_title":"Certificado de finalizaci\u00f3n de IPM","left_description":"IPM ofrece una amplia gama de programas que se adaptan a diversas necesidades, desde cursos cortos de habilidades espec\u00edficas hasta preparaci\u00f3n para ex\u00e1menes, disponibles en l\u00ednea, presencialmente y bajo demanda. Estos programas se han dise\u00f1ado meticulosamente para dotarte de nuevas habilidades que puedas aplicar f\u00e1cilmente en tu entorno profesional. Adem\u00e1s, al completarlos con \u00e9xito, recibir\u00e1s un Certificado de Finalizaci\u00f3n de IPM, acompa\u00f1ado de PDU, que enriquecer\u00e1 significativamente tu cartera de Desarrollo Profesional Continuo.","left_image":137635,"second_description":"Los Certificados de Finalizaci\u00f3n de IPM son f\u00e1cilmente verificables a trav\u00e9s de Accredible y cuentan con la confianza de los empleadores. Su certificado digital tiene el poder de destacar sus logros y atraer nuevas oportunidades.\r\n\r\nUn Certificado de Finalizaci\u00f3n de IPM es un recurso valioso para los profesionales que buscan reconocimiento como profesionales cualificados y con amplios conocimientos. Puede obtener un Certificado de Finalizaci\u00f3n de IPM completando los siguientes cursos:","course_list":[{"url":{"title":"Pasaporte PMP","url":"https:\/\/instituteprojectmanagement.com\/cursos\/pasaporte-pmp\/","target":""}},{"url":{"title":"Capacitaci\u00f3n para la certificaci\u00f3n CAPM","url":"https:\/\/instituteprojectmanagement.com\/courses\/capacitacion-para-certificacion-capm\/","target":""}},{"url":{"title":"Fundaci\u00f3n PRINCE2","url":"https:\/\/instituteprojectmanagement.com\/courses\/prince2-foundation\/","target":""}},{"url":{"title":"Practicante de PRINCE2","url":"https:\/\/instituteprojectmanagement.com\/courses\/prince2-practitioner\/","target":""}},{"url":{"title":"Marco de gesti\u00f3n de proyectos","url":"https:\/\/instituteprojectmanagement.com\/courses\/marco-de-gestion-de-proyectos\/","target":""}},{"url":{"title":"Gesti\u00f3n de las partes interesadas y comunicaciones","url":"https:\/\/instituteprojectmanagement.com\/courses\/gestion-de-partes-interesadas-y-comunicaciones\/","target":""}},{"url":{"title":"Liderando y negociando para el \u00e9xito del proyecto","url":"https:\/\/instituteprojectmanagement.com\/courses\/liderazgo-y-negociacion-para-el-exito-de-proyectos\/","target":""}},{"url":{"title":"Fundamentos del proyecto Microsoft","url":"https:\/\/instituteprojectmanagement.com\/courses\/microsoft-project-fundamentals\/","target":""}},{"url":{"title":"Fundamentos de la PMO","url":"https:\/\/instituteprojectmanagement.com\/courses\/pmo-essentials\/","target":""}},{"url":{"title":"Finanzas para gerentes de proyectos","url":"https:\/\/instituteprojectmanagement.com\/cursos\/finanzas-para-gerentes-de-proyectos\/","target":""}}]},"yoast_head":"<!-- This site is optimized with the Yoast SEO Premium plugin v19.2.1 (Yoast SEO v27.1.1) - https:\/\/yoast.com\/product\/yoast-seo-premium-wordpress\/ -->\n<title>Certificaciones y diplomas profesionales de IPM<\/title>\n<meta name=\"description\" content=\"Obt\u00e9n tu certificaci\u00f3n del Instituto de Gesti\u00f3n de Proyectos con nuestra amplia gama de programas de formaci\u00f3n y afiliaci\u00f3n en Gesti\u00f3n de Proyectos.\" \/>\n<meta name=\"robots\" content=\"index, follow, max-snippet:-1, max-image-preview:large, max-video-preview:-1\" \/>\n<link rel=\"canonical\" href=\"https:\/\/instituteprojectmanagement.com\/es\/certificacion-mip\/\" \/>\n<meta property=\"og:locale\" content=\"es_ES\" \/>\n<meta property=\"og:type\" content=\"article\" \/>\n<meta property=\"og:title\" content=\"Certificaci\u00f3n MIP\" \/>\n<meta property=\"og:description\" content=\"Obt\u00e9n tu certificaci\u00f3n del Instituto de Gesti\u00f3n de Proyectos con nuestra amplia gama de programas de formaci\u00f3n y afiliaci\u00f3n en Gesti\u00f3n de Proyectos.\" \/>\n<meta property=\"og:url\" content=\"https:\/\/instituteprojectmanagement.com\/es\/certificacion-mip\/\" \/>\n<meta property=\"og:site_name\" content=\"Institute of Project Management\" \/>\n<meta property=\"article:publisher\" content=\"https:\/\/www.facebook.com\/instituteprojectmanagement\/\" \/>\n<meta property=\"article:modified_time\" content=\"2026-02-02T05:51:11+00:00\" \/>\n<meta property=\"og:image\" content=\"https:\/\/instituteprojectmanagement.com\/wp-content\/uploads\/2024\/06\/04-IPM-Logo-Gradient-Blue.png\" \/>\n\t<meta property=\"og:image:width\" content=\"1000\" \/>\n\t<meta property=\"og:image:height\" content=\"1000\" \/>\n\t<meta property=\"og:image:type\" content=\"image\/png\" \/>\n<meta name=\"twitter:card\" content=\"summary_large_image\" \/>\n<meta name=\"twitter:site\" content=\"@ProjectMgmtInst\" \/>\n<script type=\"application\/ld+json\" class=\"yoast-schema-graph\">{\"@context\":\"https:\/\/schema.org\",\"@graph\":[{\"@type\":\"WebPage\",\"@id\":\"https:\/\/instituteprojectmanagement.com\/es\/certificacion-mip\/\",\"url\":\"https:\/\/instituteprojectmanagement.com\/es\/certificacion-mip\/\",\"name\":\"Certificaciones y diplomas profesionales de IPM\",\"isPartOf\":{\"@id\":\"https:\/\/instituteprojectmanagement.com\/es\/#website\"},\"datePublished\":\"2023-04-28T04:56:18+00:00\",\"dateModified\":\"2026-02-02T05:51:11+00:00\",\"description\":\"Obt\u00e9n tu certificaci\u00f3n del Instituto de Gesti\u00f3n de Proyectos con nuestra amplia gama de programas de formaci\u00f3n y afiliaci\u00f3n en Gesti\u00f3n de Proyectos.\",\"breadcrumb\":{\"@id\":\"https:\/\/instituteprojectmanagement.com\/es\/certificacion-mip\/#breadcrumb\"},\"inLanguage\":\"es\",\"potentialAction\":[{\"@type\":\"ReadAction\",\"target\":[\"https:\/\/instituteprojectmanagement.com\/es\/certificacion-mip\/\"]}]},{\"@type\":\"BreadcrumbList\",\"@id\":\"https:\/\/instituteprojectmanagement.com\/es\/certificacion-mip\/#breadcrumb\",\"itemListElement\":[{\"@type\":\"ListItem\",\"position\":1,\"name\":\"Home\",\"item\":\"https:\/\/instituteprojectmanagement.com\/es\/\"},{\"@type\":\"ListItem\",\"position\":2,\"name\":\"Certificaci\u00f3n MIP\"}]},{\"@type\":\"WebSite\",\"@id\":\"https:\/\/instituteprojectmanagement.com\/es\/#website\",\"url\":\"https:\/\/instituteprojectmanagement.com\/es\/\",\"name\":\"Institute of Project Management\",\"description\":\"PM Education Specialist since 1989\",\"publisher\":{\"@id\":\"https:\/\/instituteprojectmanagement.com\/es\/#organization\"},\"potentialAction\":[{\"@type\":\"SearchAction\",\"target\":{\"@type\":\"EntryPoint\",\"urlTemplate\":\"https:\/\/instituteprojectmanagement.com\/es\/?s={search_term_string}\"},\"query-input\":{\"@type\":\"PropertyValueSpecification\",\"valueRequired\":true,\"valueName\":\"search_term_string\"}}],\"inLanguage\":\"es\"},{\"@type\":\"Organization\",\"@id\":\"https:\/\/instituteprojectmanagement.com\/es\/#organization\",\"name\":\"Institute of Project Management\",\"alternateName\":\"Institute of Project Management\",\"url\":\"https:\/\/instituteprojectmanagement.com\/es\/\",\"logo\":{\"@type\":\"ImageObject\",\"inLanguage\":\"es\",\"@id\":\"https:\/\/instituteprojectmanagement.com\/es\/#\/schema\/logo\/image\/\",\"url\":\"https:\/\/instituteprojectmanagement.com\/wp-content\/uploads\/2022\/02\/IPMA-269x130-1.png\",\"contentUrl\":\"https:\/\/instituteprojectmanagement.com\/wp-content\/uploads\/2022\/02\/IPMA-269x130-1.png\",\"width\":269,\"height\":130,\"caption\":\"Institute of Project Management\"},\"image\":{\"@id\":\"https:\/\/instituteprojectmanagement.com\/es\/#\/schema\/logo\/image\/\"},\"sameAs\":[\"https:\/\/www.facebook.com\/instituteprojectmanagement\/\",\"https:\/\/x.com\/ProjectMgmtInst\",\"https:\/\/www.instagram.com\/instituteprojectmanagement\/\",\"https:\/\/www.linkedin.com\/school\/institute-project-management\/\",\"https:\/\/www.pinterest.ie\/InstituteofProjectManagement\/_created\/\",\"https:\/\/www.youtube.com\/channel\/UCXEs94TW0y_5b_X-FnDgv9Q\"]}]}<\/script>\n<!-- \/ Yoast SEO Premium plugin. -->","yoast_head_json":{"title":"Certificaciones y diplomas profesionales de IPM","description":"Obt\u00e9n tu certificaci\u00f3n del Instituto de Gesti\u00f3n de Proyectos con nuestra amplia gama de programas de formaci\u00f3n y afiliaci\u00f3n en Gesti\u00f3n de Proyectos.","robots":{"index":"index","follow":"follow","max-snippet":"max-snippet:-1","max-image-preview":"max-image-preview:large","max-video-preview":"max-video-preview:-1"},"canonical":"https:\/\/instituteprojectmanagement.com\/es\/certificacion-mip\/","og_locale":"es_ES","og_type":"article","og_title":"Certificaci\u00f3n MIP","og_description":"Obt\u00e9n tu certificaci\u00f3n del Instituto de Gesti\u00f3n de Proyectos con nuestra amplia gama de programas de formaci\u00f3n y afiliaci\u00f3n en Gesti\u00f3n de Proyectos.","og_url":"https:\/\/instituteprojectmanagement.com\/es\/certificacion-mip\/","og_site_name":"Institute of Project Management","article_publisher":"https:\/\/www.facebook.com\/instituteprojectmanagement\/","article_modified_time":"2026-02-02T05:51:11+00:00","og_image":[{"width":1000,"height":1000,"url":"https:\/\/instituteprojectmanagement.com\/wp-content\/uploads\/2024\/06\/04-IPM-Logo-Gradient-Blue.png","type":"image\/png"}],"twitter_card":"summary_large_image","twitter_site":"@ProjectMgmtInst","schema":{"@context":"https:\/\/schema.org","@graph":[{"@type":"WebPage","@id":"https:\/\/instituteprojectmanagement.com\/es\/certificacion-mip\/","url":"https:\/\/instituteprojectmanagement.com\/es\/certificacion-mip\/","name":"Certificaciones y diplomas profesionales de IPM","isPartOf":{"@id":"https:\/\/instituteprojectmanagement.com\/es\/#website"},"datePublished":"2023-04-28T04:56:18+00:00","dateModified":"2026-02-02T05:51:11+00:00","description":"Obt\u00e9n tu certificaci\u00f3n del Instituto de Gesti\u00f3n de Proyectos con nuestra amplia gama de programas de formaci\u00f3n y afiliaci\u00f3n en Gesti\u00f3n de Proyectos.","breadcrumb":{"@id":"https:\/\/instituteprojectmanagement.com\/es\/certificacion-mip\/#breadcrumb"},"inLanguage":"es","potentialAction":[{"@type":"ReadAction","target":["https:\/\/instituteprojectmanagement.com\/es\/certificacion-mip\/"]}]},{"@type":"BreadcrumbList","@id":"https:\/\/instituteprojectmanagement.com\/es\/certificacion-mip\/#breadcrumb","itemListElement":[{"@type":"ListItem","position":1,"name":"Home","item":"https:\/\/instituteprojectmanagement.com\/es\/"},{"@type":"ListItem","position":2,"name":"Certificaci\u00f3n MIP"}]},{"@type":"WebSite","@id":"https:\/\/instituteprojectmanagement.com\/es\/#website","url":"https:\/\/instituteprojectmanagement.com\/es\/","name":"Institute of Project Management","description":"PM Education Specialist since 1989","publisher":{"@id":"https:\/\/instituteprojectmanagement.com\/es\/#organization"},"potentialAction":[{"@type":"SearchAction","target":{"@type":"EntryPoint","urlTemplate":"https:\/\/instituteprojectmanagement.com\/es\/?s={search_term_string}"},"query-input":{"@type":"PropertyValueSpecification","valueRequired":true,"valueName":"search_term_string"}}],"inLanguage":"es"},{"@type":"Organization","@id":"https:\/\/instituteprojectmanagement.com\/es\/#organization","name":"Institute of Project Management","alternateName":"Institute of Project Management","url":"https:\/\/instituteprojectmanagement.com\/es\/","logo":{"@type":"ImageObject","inLanguage":"es","@id":"https:\/\/instituteprojectmanagement.com\/es\/#\/schema\/logo\/image\/","url":"https:\/\/instituteprojectmanagement.com\/wp-content\/uploads\/2022\/02\/IPMA-269x130-1.png","contentUrl":"https:\/\/instituteprojectmanagement.com\/wp-content\/uploads\/2022\/02\/IPMA-269x130-1.png","width":269,"height":130,"caption":"Institute of Project Management"},"image":{"@id":"https:\/\/instituteprojectmanagement.com\/es\/#\/schema\/logo\/image\/"},"sameAs":["https:\/\/www.facebook.com\/instituteprojectmanagement\/","https:\/\/x.com\/ProjectMgmtInst","https:\/\/www.instagram.com\/instituteprojectmanagement\/","https:\/\/www.linkedin.com\/school\/institute-project-management\/","https:\/\/www.pinterest.ie\/InstituteofProjectManagement\/_created\/","https:\/\/www.youtube.com\/channel\/UCXEs94TW0y_5b_X-FnDgv9Q"]}]}},"translations":{"en":{"url":"https:\/\/instituteprojectmanagement.com\/ipm-certification\/","id":32205,"language_name":"English"},"es":{"url":"https:\/\/instituteprojectmanagement.com\/es\/certificacion-mip\/","id":137628,"language_name":"Espa\u00f1ol"}},"_links":{"self":[{"href":"https:\/\/instituteprojectmanagement.com\/es\/wp-json\/wp\/v2\/pages\/137628","targetHints":{"allow":["GET"]}}],"collection":[{"href":"https:\/\/instituteprojectmanagement.com\/es\/wp-json\/wp\/v2\/pages"}],"about":[{"href":"https:\/\/instituteprojectmanagement.com\/es\/wp-json\/wp\/v2\/types\/page"}],"author":[{"embeddable":true,"href":"https:\/\/instituteprojectmanagement.com\/es\/wp-json\/wp\/v2\/users\/8"}],"replies":[{"embeddable":true,"href":"https:\/\/instituteprojectmanagement.com\/es\/wp-json\/wp\/v2\/comments?post=137628"}],"version-history":[{"count":2,"href":"https:\/\/instituteprojectmanagement.com\/es\/wp-json\/wp\/v2\/pages\/137628\/revisions"}],"predecessor-version":[{"id":137639,"href":"https:\/\/instituteprojectmanagement.com\/es\/wp-json\/wp\/v2\/pages\/137628\/revisions\/137639"}],"wp:attachment":[{"href":"https:\/\/instituteprojectmanagement.com\/es\/wp-json\/wp\/v2\/media?parent=137628"}],"curies":[{"name":"wp","href":"https:\/\/api.w.org\/{rel}","templated":true}]}}