{"id":137576,"date":"2021-04-15T10:01:15","date_gmt":"2021-04-15T10:01:15","guid":{"rendered":"https:\/\/instituteprojectmanagement.com\/descripcion-general-de-la-certificacion\/"},"modified":"2026-02-02T05:29:02","modified_gmt":"2026-02-02T05:29:02","slug":"descripcion-general-de-la-certificacion","status":"publish","type":"page","link":"https:\/\/instituteprojectmanagement.com\/es\/descripcion-general-de-la-certificacion\/","title":{"rendered":"Descripci\u00f3n general de la certificaci\u00f3n"},"content":{"rendered":"\n<p>El Instituto de Gesti\u00f3n de Proyectos (IPM) ofrece no s\u00f3lo la mejor formaci\u00f3n disponible, sino tambi\u00e9n v\u00edas de acceso a las certificaciones, acreditaciones y cualificaciones profesionales m\u00e1s destacadas en Gesti\u00f3n de Proyectos. Los socios de certificaci\u00f3n del IPM son organismos profesionales y acad\u00e9micos que ofrecen credenciales mundialmente reconocidas que te dar\u00e1n una ventaja competitiva en tu campo. <\/p>\n","protected":false},"excerpt":{"rendered":"<p>El Instituto de Gesti\u00f3n de Proyectos (IPM) ofrece no s\u00f3lo la mejor formaci\u00f3n disponible, sino tambi\u00e9n v\u00edas de acceso a&#8230;<\/p>\n","protected":false},"author":3,"featured_media":0,"parent":0,"menu_order":0,"comment_status":"closed","ping_status":"closed","template":"page-certification-comparison-page.php","meta":{"_acf_changed":false,"_yoast_wpseo_title":"Las mejores certificaciones de gesti\u00f3n de proyectos en 2025","_yoast_wpseo_metadesc":"Avanza en tu carrera con nuestras certificaciones de gesti\u00f3n de proyectos reconocidas en el sector, elaboradas por expertos para acelerar tu crecimiento de principiante a profesional experto.","inline_featured_image":false,"footnotes":""},"class_list":["post-137576","page","type-page","status-publish","hentry"],"acf":{"title":"Descripci\u00f3n general de la certificaci\u00f3n","description":"El Instituto de Gesti\u00f3n de Proyectos (IPM) no s\u00f3lo ofrece la mejor formaci\u00f3n disponible, sino tambi\u00e9n v\u00edas de acceso a las certificaciones, acreditaciones y cualificaciones profesionales m\u00e1s destacadas en Gesti\u00f3n de Proyectos. Los socios de certificaci\u00f3n del IPM son organismos profesionales y acad\u00e9micos que ofrecen credenciales mundialmente reconocidas que te dar\u00e1n una ventaja competitiva en tu campo. ","button":{"title":"Explorar todos los cursos de certificaci\u00f3n","url":"\/cursos\/","target":""},"photo":137616,"profesional_body_logos":[{"profesional_body_logo":137612,"link":""},{"profesional_body_logo":137604,"link":""},{"profesional_body_logo":133915,"link":""},{"profesional_body_logo":130367,"link":""},{"profesional_body_logo":137610,"link":""},{"profesional_body_logo":137611,"link":""}],"fifty_fifty_photo":137617,"fifty_fifty_title":"Credenciales reconocidas mundialmente","fifty_fifty_desc":"La necesidad de gestores de proyectos competentes es actualmente de suma importancia, y las personas con una certificaci\u00f3n adecuada en gesti\u00f3n de proyectos est\u00e1n bien situadas para aportar las competencias profesionales esenciales para dirigir eficazmente equipos de proyecto y lograr resultados satisfactorios en los proyectos.\r\n\r\nAdquirir una certificaci\u00f3n en gesti\u00f3n de proyectos supone una distinci\u00f3n notable, especialmente cuando las organizaciones est\u00e1n en proceso de formar equipos para diversos proyectos y buscan activamente profesionales experimentados en gesti\u00f3n de proyectos.","fifty_fifty_btn":"","qualifications_title":"Certificaciones, Cualificaciones, Acreditaciones","qualifications_description":"Los programas de certificaci\u00f3n en gesti\u00f3n de proyectos ofrecidos por el Instituto de Gesti\u00f3n de Proyectos est\u00e1n reconocidos y avalados por los siguientes organismos otorgantes y organizaciones profesionales.","qualifications_certifications":[{"single_certification_heading":"Certificaciones de organismos profesionales","single_certification_name":"El Instituto de Gesti\u00f3n de Proyectos","single_certification_description":"Desde su fundaci\u00f3n en 1989, el Instituto de Gesti\u00f3n de Proyectos se ha dedicado a impulsar la formaci\u00f3n, la certificaci\u00f3n y los servicios para sus miembros en gesti\u00f3n de proyectos. A lo largo de los a\u00f1os, hemos capacitado y proporcionado con \u00e9xito la certificaci\u00f3n internacional en gesti\u00f3n de proyectos a m\u00e1s de 50.000 personas, a medida que la gesti\u00f3n de proyectos se ha generalizado en toda la econom\u00eda. La demanda de formaci\u00f3n y certificaci\u00f3n de reconocimiento mundial en gesti\u00f3n de proyectos sigue superando la de otros sectores de desarrollo profesional, lo que subraya su profunda importancia y su continua relevancia.","single_certification_link":{"title":"Learn more","url":"\/the-institute\/","target":""},"single_certification_photo":137618,"single_certification_logo":137578,"add_bg":"no","courses_page_link":{"title":"Cursos de certificaci\u00f3n IPM","url":"\/cursos\/?_sft_certificaciones=ipm","target":""}},{"single_certification_heading":"Certificaciones de organismos profesionales","single_certification_name":"IPMA \u2013 Asociaci\u00f3n Internacional de Gesti\u00f3n de Proyectos","single_certification_description":"Fundada en 1965, IPMA\u00ae (Asociaci\u00f3n Internacional de Gesti\u00f3n de Proyectos) es la primera asociaci\u00f3n profesional de gesti\u00f3n de proyectos del mundo. Con reconocimiento en m\u00e1s de 70 pa\u00edses de seis continentes, la certificaci\u00f3n IPMA\u00ae valida objetivamente su certificaci\u00f3n, conocimientos y experiencia en gesti\u00f3n de proyectos. En Irlanda, el Instituto de Gesti\u00f3n de Proyectos se encarga de administrar el completo sistema de certificaci\u00f3n de cuatro niveles de IPMA.","single_certification_link":{"title":"Learn more","url":"\/ipma-certification\/","target":""},"single_certification_photo":137619,"single_certification_logo":137577,"add_bg":"no","courses_page_link":{"title":"Cursos de certificaci\u00f3n IPMA","url":"\/courses\/?_sft_certifications=ipma","target":""}},{"single_certification_heading":"Certificaciones de organismos profesionales","single_certification_name":"PMI \u2013 Instituto de Gesti\u00f3n de Proyectos","single_certification_description":"El Project Management Institute (PMI) es reconocido mundialmente como una destacada asociaci\u00f3n sin fines de lucro dedicada a la profesi\u00f3n de la gesti\u00f3n de proyectos. Con su amplia gama de recursos profesionales e investigaci\u00f3n, el PMI capacita a sus miembros, acreditados y voluntarios en casi todos los pa\u00edses del mundo para impulsar sus carreras, impulsar el \u00e9xito organizacional e impulsar el crecimiento y desarrollo de la profesi\u00f3n mediante su certificaci\u00f3n PMI.","single_certification_link":{"title":"Learn more","url":"\/pmi-certification\/","target":""},"single_certification_photo":137620,"single_certification_logo":137580,"add_bg":"no","courses_page_link":{"title":"Cursos de certificaci\u00f3n del PMI","url":"\/courses\/?_sft_certifications=pmi","target":""}},{"single_certification_heading":"Certificaciones de organismos profesionales","single_certification_name":"PRINCE2 - Proyectos en entornos controlados","single_certification_description":"PRINCE2 es un m\u00e9todo est\u00e1ndar internacional para la gesti\u00f3n de proyectos, ampliamente reconocido y comprendido, que proporciona un lenguaje com\u00fan para todos los participantes. Hay m\u00e1s de un mill\u00f3n de profesionales certificados en PRINCE2 en todo el mundo, y se consolida como uno de los m\u00e9todos de gesti\u00f3n de proyectos m\u00e1s utilizados a nivel mundial. La certificaci\u00f3n PRINCE2 se divide en dos niveles de cualificaci\u00f3n: Foundation y Practitioner.","single_certification_link":{"title":"Learn More","url":"\/prince2-certification\/","target":""},"single_certification_photo":137625,"single_certification_logo":137615,"add_bg":"no","courses_page_link":{"title":"Cursos de certificaci\u00f3n PRINCE2\u00ae","url":"\/courses\/?_sft_certifications=prince2","target":""}},{"single_certification_heading":"Certificaciones del Cuerpo Acad\u00e9mico","single_certification_name":"TU Dublin - Universidad Tecnol\u00f3gica de Dubl\u00edn","single_certification_description":"El 1 de enero de 2019, la TU Dubl\u00edn se fund\u00f3 oficialmente gracias a la colaboraci\u00f3n entre tres prestigiosos institutos: el Instituto de Tecnolog\u00eda de Blanchardstown, el Instituto de Tecnolog\u00eda de Dubl\u00edn y el Instituto de Tecnolog\u00eda de Tallaght. Con una rica historia que se remonta a 1887, la TU Dubl\u00edn ha estado a la vanguardia de la educaci\u00f3n superior tecnol\u00f3gica, formando a m\u00e1s de 100.000 graduados que han desarrollado exitosas carreras profesionales en 105 pa\u00edses y ofreciendo certificaci\u00f3n en gesti\u00f3n de proyectos a sus exalumnos.","single_certification_link":"","single_certification_photo":137622,"single_certification_logo":130369,"add_bg":"yes","courses_page_link":{"title":"Universidad Acreditada","url":"https:\/\/instituteprojectmanagement.com\/courses\/?_sf_s=diploma","target":""}},{"single_certification_heading":"Certificaciones del Cuerpo Acad\u00e9mico","single_certification_name":"EQF - Marco Europeo de Cualificaciones","single_certification_description":"El Marco Europeo de Cualificaciones (MEC) fue desarrollado por la Uni\u00f3n Europea (UE) como herramienta para traducir y comparar las cualificaciones nacionales, haci\u00e9ndolas m\u00e1s accesibles y comprensibles. El MEC busca facilitar la movilidad transfronteriza de estudiantes y trabajadores. El IPM proporciona acceso a las certificaciones de gesti\u00f3n de proyectos de nivel 6 y 7 del MEC, equivalentes a los niveles 6 y 7 de los Marcos de Cualificaciones de Educaci\u00f3n Superior (FHEQ) de los organismos que otorgan t\u00edtulos en el Reino Unido.","single_certification_link":"","single_certification_photo":137623,"single_certification_logo":137613,"add_bg":"no","courses_page_link":{"title":"Universidad Acreditada","url":"https:\/\/instituteprojectmanagement.com\/courses\/?_sf_s=diploma","target":""}}],"logos_slider_title":"Hemos formado a empleados para","logos_slider_items":[{"logos_slider_logo":129668},{"logos_slider_logo":129669},{"logos_slider_logo":129667},{"logos_slider_logo":129666},{"logos_slider_logo":129665},{"logos_slider_logo":129664},{"logos_slider_logo":129662},{"logos_slider_logo":129663},{"logos_slider_logo":129661},{"logos_slider_logo":129660},{"logos_slider_logo":129659},{"logos_slider_logo":129657},{"logos_slider_logo":129658},{"logos_slider_logo":129656},{"logos_slider_logo":129655},{"logos_slider_logo":129654},{"logos_slider_logo":129653},{"logos_slider_logo":129651},{"logos_slider_logo":129652},{"logos_slider_logo":129650},{"logos_slider_logo":129649},{"logos_slider_logo":129648},{"logos_slider_logo":129647},{"logos_slider_logo":129646},{"logos_slider_logo":129645},{"logos_slider_logo":129644},{"logos_slider_logo":129642},{"logos_slider_logo":129643},{"logos_slider_logo":129640},{"logos_slider_logo":129641},{"logos_slider_logo":129639},{"logos_slider_logo":129637},{"logos_slider_logo":129638},{"logos_slider_logo":129636},{"logos_slider_logo":129635},{"logos_slider_logo":129634},{"logos_slider_logo":129632},{"logos_slider_logo":129633},{"logos_slider_logo":129630},{"logos_slider_logo":129631},{"logos_slider_logo":129629},{"logos_slider_logo":129628},{"logos_slider_logo":129627},{"logos_slider_logo":129626},{"logos_slider_logo":129624},{"logos_slider_logo":129625},{"logos_slider_logo":129623},{"logos_slider_logo":129622},{"logos_slider_logo":129621},{"logos_slider_logo":129620},{"logos_slider_logo":129619},{"logos_slider_logo":129618},{"logos_slider_logo":129616},{"logos_slider_logo":129617},{"logos_slider_logo":129615}],"outro_photo":137624,"outro_title":"\u00bfNecesita m\u00e1s informaci\u00f3n?","outro_btn":{"title":"Contact Us","url":"\/contact\/","target":""}},"yoast_head":"<!-- This site is optimized with the Yoast SEO Premium plugin v19.2.1 (Yoast SEO v27.1.1) - https:\/\/yoast.com\/product\/yoast-seo-premium-wordpress\/ -->\n<title>Las mejores certificaciones de gesti\u00f3n de proyectos en 2025<\/title>\n<meta name=\"description\" content=\"Avanza en tu carrera con nuestras certificaciones de gesti\u00f3n de proyectos reconocidas en el sector, elaboradas por expertos para acelerar tu crecimiento de principiante a profesional experto.\" \/>\n<meta name=\"robots\" content=\"index, follow, max-snippet:-1, max-image-preview:large, max-video-preview:-1\" \/>\n<link rel=\"canonical\" href=\"https:\/\/instituteprojectmanagement.com\/es\/descripcion-general-de-la-certificacion\/\" \/>\n<meta property=\"og:locale\" content=\"es_ES\" \/>\n<meta property=\"og:type\" content=\"article\" \/>\n<meta property=\"og:title\" content=\"Descripci\u00f3n general de la certificaci\u00f3n\" \/>\n<meta property=\"og:description\" content=\"Avanza en tu carrera con nuestras certificaciones de gesti\u00f3n de proyectos reconocidas en el sector, elaboradas por expertos para acelerar tu crecimiento de principiante a profesional experto.\" \/>\n<meta property=\"og:url\" content=\"https:\/\/instituteprojectmanagement.com\/es\/descripcion-general-de-la-certificacion\/\" \/>\n<meta property=\"og:site_name\" content=\"Institute of Project Management\" \/>\n<meta property=\"article:publisher\" content=\"https:\/\/www.facebook.com\/instituteprojectmanagement\/\" \/>\n<meta property=\"article:modified_time\" content=\"2026-02-02T05:29:02+00:00\" \/>\n<meta property=\"og:image\" content=\"https:\/\/instituteprojectmanagement.com\/wp-content\/uploads\/2024\/06\/04-IPM-Logo-Gradient-Blue.png\" \/>\n\t<meta property=\"og:image:width\" content=\"1000\" \/>\n\t<meta property=\"og:image:height\" content=\"1000\" \/>\n\t<meta property=\"og:image:type\" content=\"image\/png\" \/>\n<meta name=\"twitter:card\" content=\"summary_large_image\" \/>\n<meta name=\"twitter:site\" content=\"@ProjectMgmtInst\" \/>\n<meta name=\"twitter:label1\" content=\"Tiempo de lectura\" \/>\n\t<meta name=\"twitter:data1\" content=\"1 minuto\" \/>\n<script type=\"application\/ld+json\" class=\"yoast-schema-graph\">{\"@context\":\"https:\/\/schema.org\",\"@graph\":[{\"@type\":\"WebPage\",\"@id\":\"https:\/\/instituteprojectmanagement.com\/es\/descripcion-general-de-la-certificacion\/\",\"url\":\"https:\/\/instituteprojectmanagement.com\/es\/descripcion-general-de-la-certificacion\/\",\"name\":\"Las mejores certificaciones de gesti\u00f3n de proyectos en 2025\",\"isPartOf\":{\"@id\":\"https:\/\/instituteprojectmanagement.com\/es\/#website\"},\"datePublished\":\"2021-04-15T10:01:15+00:00\",\"dateModified\":\"2026-02-02T05:29:02+00:00\",\"description\":\"Avanza en tu carrera con nuestras certificaciones de gesti\u00f3n de proyectos reconocidas en el sector, elaboradas por expertos para acelerar tu crecimiento de principiante a profesional experto.\",\"breadcrumb\":{\"@id\":\"https:\/\/instituteprojectmanagement.com\/es\/descripcion-general-de-la-certificacion\/#breadcrumb\"},\"inLanguage\":\"es\",\"potentialAction\":[{\"@type\":\"ReadAction\",\"target\":[\"https:\/\/instituteprojectmanagement.com\/es\/descripcion-general-de-la-certificacion\/\"]}]},{\"@type\":\"BreadcrumbList\",\"@id\":\"https:\/\/instituteprojectmanagement.com\/es\/descripcion-general-de-la-certificacion\/#breadcrumb\",\"itemListElement\":[{\"@type\":\"ListItem\",\"position\":1,\"name\":\"Home\",\"item\":\"https:\/\/instituteprojectmanagement.com\/es\/\"},{\"@type\":\"ListItem\",\"position\":2,\"name\":\"Descripci\u00f3n general de la certificaci\u00f3n\"}]},{\"@type\":\"WebSite\",\"@id\":\"https:\/\/instituteprojectmanagement.com\/es\/#website\",\"url\":\"https:\/\/instituteprojectmanagement.com\/es\/\",\"name\":\"Institute of Project Management\",\"description\":\"PM Education Specialist since 1989\",\"publisher\":{\"@id\":\"https:\/\/instituteprojectmanagement.com\/es\/#organization\"},\"potentialAction\":[{\"@type\":\"SearchAction\",\"target\":{\"@type\":\"EntryPoint\",\"urlTemplate\":\"https:\/\/instituteprojectmanagement.com\/es\/?s={search_term_string}\"},\"query-input\":{\"@type\":\"PropertyValueSpecification\",\"valueRequired\":true,\"valueName\":\"search_term_string\"}}],\"inLanguage\":\"es\"},{\"@type\":\"Organization\",\"@id\":\"https:\/\/instituteprojectmanagement.com\/es\/#organization\",\"name\":\"Institute of Project Management\",\"alternateName\":\"Institute of Project Management\",\"url\":\"https:\/\/instituteprojectmanagement.com\/es\/\",\"logo\":{\"@type\":\"ImageObject\",\"inLanguage\":\"es\",\"@id\":\"https:\/\/instituteprojectmanagement.com\/es\/#\/schema\/logo\/image\/\",\"url\":\"https:\/\/instituteprojectmanagement.com\/wp-content\/uploads\/2022\/02\/IPMA-269x130-1.png\",\"contentUrl\":\"https:\/\/instituteprojectmanagement.com\/wp-content\/uploads\/2022\/02\/IPMA-269x130-1.png\",\"width\":269,\"height\":130,\"caption\":\"Institute of Project Management\"},\"image\":{\"@id\":\"https:\/\/instituteprojectmanagement.com\/es\/#\/schema\/logo\/image\/\"},\"sameAs\":[\"https:\/\/www.facebook.com\/instituteprojectmanagement\/\",\"https:\/\/x.com\/ProjectMgmtInst\",\"https:\/\/www.instagram.com\/instituteprojectmanagement\/\",\"https:\/\/www.linkedin.com\/school\/institute-project-management\/\",\"https:\/\/www.pinterest.ie\/InstituteofProjectManagement\/_created\/\",\"https:\/\/www.youtube.com\/channel\/UCXEs94TW0y_5b_X-FnDgv9Q\"]}]}<\/script>\n<!-- \/ Yoast SEO Premium plugin. -->","yoast_head_json":{"title":"Las mejores certificaciones de gesti\u00f3n de proyectos en 2025","description":"Avanza en tu carrera con nuestras certificaciones de gesti\u00f3n de proyectos reconocidas en el sector, elaboradas por expertos para acelerar tu crecimiento de principiante a profesional experto.","robots":{"index":"index","follow":"follow","max-snippet":"max-snippet:-1","max-image-preview":"max-image-preview:large","max-video-preview":"max-video-preview:-1"},"canonical":"https:\/\/instituteprojectmanagement.com\/es\/descripcion-general-de-la-certificacion\/","og_locale":"es_ES","og_type":"article","og_title":"Descripci\u00f3n general de la certificaci\u00f3n","og_description":"Avanza en tu carrera con nuestras certificaciones de gesti\u00f3n de proyectos reconocidas en el sector, elaboradas por expertos para acelerar tu crecimiento de principiante a profesional experto.","og_url":"https:\/\/instituteprojectmanagement.com\/es\/descripcion-general-de-la-certificacion\/","og_site_name":"Institute of Project Management","article_publisher":"https:\/\/www.facebook.com\/instituteprojectmanagement\/","article_modified_time":"2026-02-02T05:29:02+00:00","og_image":[{"width":1000,"height":1000,"url":"https:\/\/instituteprojectmanagement.com\/wp-content\/uploads\/2024\/06\/04-IPM-Logo-Gradient-Blue.png","type":"image\/png"}],"twitter_card":"summary_large_image","twitter_site":"@ProjectMgmtInst","twitter_misc":{"Tiempo de lectura":"1 minuto"},"schema":{"@context":"https:\/\/schema.org","@graph":[{"@type":"WebPage","@id":"https:\/\/instituteprojectmanagement.com\/es\/descripcion-general-de-la-certificacion\/","url":"https:\/\/instituteprojectmanagement.com\/es\/descripcion-general-de-la-certificacion\/","name":"Las mejores certificaciones de gesti\u00f3n de proyectos en 2025","isPartOf":{"@id":"https:\/\/instituteprojectmanagement.com\/es\/#website"},"datePublished":"2021-04-15T10:01:15+00:00","dateModified":"2026-02-02T05:29:02+00:00","description":"Avanza en tu carrera con nuestras certificaciones de gesti\u00f3n de proyectos reconocidas en el sector, elaboradas por expertos para acelerar tu crecimiento de principiante a profesional experto.","breadcrumb":{"@id":"https:\/\/instituteprojectmanagement.com\/es\/descripcion-general-de-la-certificacion\/#breadcrumb"},"inLanguage":"es","potentialAction":[{"@type":"ReadAction","target":["https:\/\/instituteprojectmanagement.com\/es\/descripcion-general-de-la-certificacion\/"]}]},{"@type":"BreadcrumbList","@id":"https:\/\/instituteprojectmanagement.com\/es\/descripcion-general-de-la-certificacion\/#breadcrumb","itemListElement":[{"@type":"ListItem","position":1,"name":"Home","item":"https:\/\/instituteprojectmanagement.com\/es\/"},{"@type":"ListItem","position":2,"name":"Descripci\u00f3n general de la certificaci\u00f3n"}]},{"@type":"WebSite","@id":"https:\/\/instituteprojectmanagement.com\/es\/#website","url":"https:\/\/instituteprojectmanagement.com\/es\/","name":"Institute of Project Management","description":"PM Education Specialist since 1989","publisher":{"@id":"https:\/\/instituteprojectmanagement.com\/es\/#organization"},"potentialAction":[{"@type":"SearchAction","target":{"@type":"EntryPoint","urlTemplate":"https:\/\/instituteprojectmanagement.com\/es\/?s={search_term_string}"},"query-input":{"@type":"PropertyValueSpecification","valueRequired":true,"valueName":"search_term_string"}}],"inLanguage":"es"},{"@type":"Organization","@id":"https:\/\/instituteprojectmanagement.com\/es\/#organization","name":"Institute of Project Management","alternateName":"Institute of Project Management","url":"https:\/\/instituteprojectmanagement.com\/es\/","logo":{"@type":"ImageObject","inLanguage":"es","@id":"https:\/\/instituteprojectmanagement.com\/es\/#\/schema\/logo\/image\/","url":"https:\/\/instituteprojectmanagement.com\/wp-content\/uploads\/2022\/02\/IPMA-269x130-1.png","contentUrl":"https:\/\/instituteprojectmanagement.com\/wp-content\/uploads\/2022\/02\/IPMA-269x130-1.png","width":269,"height":130,"caption":"Institute of Project Management"},"image":{"@id":"https:\/\/instituteprojectmanagement.com\/es\/#\/schema\/logo\/image\/"},"sameAs":["https:\/\/www.facebook.com\/instituteprojectmanagement\/","https:\/\/x.com\/ProjectMgmtInst","https:\/\/www.instagram.com\/instituteprojectmanagement\/","https:\/\/www.linkedin.com\/school\/institute-project-management\/","https:\/\/www.pinterest.ie\/InstituteofProjectManagement\/_created\/","https:\/\/www.youtube.com\/channel\/UCXEs94TW0y_5b_X-FnDgv9Q"]}]}},"translations":{"en":{"url":"https:\/\/instituteprojectmanagement.com\/certification-overview\/","id":950,"language_name":"English"},"es":{"url":"https:\/\/instituteprojectmanagement.com\/es\/descripcion-general-de-la-certificacion\/","id":137576,"language_name":"Espa\u00f1ol"}},"_links":{"self":[{"href":"https:\/\/instituteprojectmanagement.com\/es\/wp-json\/wp\/v2\/pages\/137576","targetHints":{"allow":["GET"]}}],"collection":[{"href":"https:\/\/instituteprojectmanagement.com\/es\/wp-json\/wp\/v2\/pages"}],"about":[{"href":"https:\/\/instituteprojectmanagement.com\/es\/wp-json\/wp\/v2\/types\/page"}],"author":[{"embeddable":true,"href":"https:\/\/instituteprojectmanagement.com\/es\/wp-json\/wp\/v2\/users\/3"}],"replies":[{"embeddable":true,"href":"https:\/\/instituteprojectmanagement.com\/es\/wp-json\/wp\/v2\/comments?post=137576"}],"version-history":[{"count":2,"href":"https:\/\/instituteprojectmanagement.com\/es\/wp-json\/wp\/v2\/pages\/137576\/revisions"}],"predecessor-version":[{"id":137627,"href":"https:\/\/instituteprojectmanagement.com\/es\/wp-json\/wp\/v2\/pages\/137576\/revisions\/137627"}],"wp:attachment":[{"href":"https:\/\/instituteprojectmanagement.com\/es\/wp-json\/wp\/v2\/media?parent=137576"}],"curies":[{"name":"wp","href":"https:\/\/api.w.org\/{rel}","templated":true}]}}