{"id":134627,"date":"2024-02-12T06:27:41","date_gmt":"2024-02-12T06:27:41","guid":{"rendered":"https:\/\/instituteprojectmanagement.com\/pasantia-y-embajador-del-campus-de-ipm\/"},"modified":"2025-12-26T04:21:31","modified_gmt":"2025-12-26T04:21:31","slug":"pasantia-y-embajador-del-campus-de-ipm","status":"publish","type":"page","link":"https:\/\/instituteprojectmanagement.com\/es\/pasantia-y-embajador-del-campus-de-ipm\/","title":{"rendered":"Pasant\u00eda y Embajador del Campus de IPM"},"content":{"rendered":"","protected":false},"excerpt":{"rendered":"","protected":false},"author":8,"featured_media":134626,"parent":0,"menu_order":0,"comment_status":"closed","ping_status":"closed","template":"page-internship.php","meta":{"_acf_changed":false,"_yoast_wpseo_title":"Pr\u00e1cticas de gesti\u00f3n de proyectos y embajador del campus","_yoast_wpseo_metadesc":"Impulsa tu carrera con nuestro Programa de Pr\u00e1cticas en Gesti\u00f3n de Proyectos y Embajadores del Campus. \u00a1Adquiere experiencia pr\u00e1ctica hoy mismo!","inline_featured_image":false,"footnotes":""},"class_list":["post-134627","page","type-page","status-publish","has-post-thumbnail","hentry"],"acf":[],"yoast_head":"<!-- This site is optimized with the Yoast SEO Premium plugin v19.2.1 (Yoast SEO v27.1.1) - https:\/\/yoast.com\/product\/yoast-seo-premium-wordpress\/ -->\n<title>Pr\u00e1cticas de gesti\u00f3n de proyectos y embajador del campus<\/title>\n<meta name=\"description\" content=\"Impulsa tu carrera con nuestro Programa de Pr\u00e1cticas en Gesti\u00f3n de Proyectos y Embajadores del Campus. \u00a1Adquiere experiencia pr\u00e1ctica hoy mismo!\" \/>\n<meta name=\"robots\" content=\"index, follow, max-snippet:-1, max-image-preview:large, max-video-preview:-1\" \/>\n<link rel=\"canonical\" href=\"https:\/\/instituteprojectmanagement.com\/es\/pasantia-y-embajador-del-campus-de-ipm\/\" \/>\n<meta property=\"og:locale\" content=\"es_ES\" \/>\n<meta property=\"og:type\" content=\"article\" \/>\n<meta property=\"og:title\" content=\"Pasant\u00eda y Embajador del Campus de IPM | Become a Future Leader\" \/>\n<meta property=\"og:description\" content=\"Impulsa tu carrera con nuestro Programa de Pr\u00e1cticas en Gesti\u00f3n de Proyectos y Embajadores del Campus. \u00a1Adquiere experiencia pr\u00e1ctica hoy mismo!\" \/>\n<meta property=\"og:url\" content=\"https:\/\/instituteprojectmanagement.com\/es\/pasantia-y-embajador-del-campus-de-ipm\/\" \/>\n<meta property=\"og:site_name\" content=\"Institute of Project Management\" \/>\n<meta property=\"article:publisher\" content=\"https:\/\/www.facebook.com\/instituteprojectmanagement\/\" \/>\n<meta property=\"article:modified_time\" content=\"2025-12-26T04:21:31+00:00\" \/>\n<meta property=\"og:image\" content=\"https:\/\/instituteprojectmanagement.com\/wp-content\/uploads\/2024\/05\/Screenshot-2024-05-30-212400-1024x576.png\" \/>\n<meta name=\"twitter:card\" content=\"summary_large_image\" \/>\n<meta name=\"twitter:title\" content=\"Pasant\u00eda y Embajador del Campus de IPM\" \/>\n<meta name=\"twitter:site\" content=\"@ProjectMgmtInst\" \/>\n<meta name=\"twitter:label1\" content=\"Tiempo de lectura\" \/>\n\t<meta name=\"twitter:data1\" content=\"1 minuto\" \/>\n<script type=\"application\/ld+json\" class=\"yoast-schema-graph\">{\"@context\":\"https:\/\/schema.org\",\"@graph\":[{\"@type\":\"WebPage\",\"@id\":\"https:\/\/instituteprojectmanagement.com\/es\/pasantia-y-embajador-del-campus-de-ipm\/\",\"url\":\"https:\/\/instituteprojectmanagement.com\/es\/pasantia-y-embajador-del-campus-de-ipm\/\",\"name\":\"Pr\u00e1cticas de gesti\u00f3n de proyectos y embajador del campus\",\"isPartOf\":{\"@id\":\"https:\/\/instituteprojectmanagement.com\/es\/#website\"},\"primaryImageOfPage\":{\"@id\":\"https:\/\/instituteprojectmanagement.com\/es\/pasantia-y-embajador-del-campus-de-ipm\/#primaryimage\"},\"image\":{\"@id\":\"https:\/\/instituteprojectmanagement.com\/es\/pasantia-y-embajador-del-campus-de-ipm\/#primaryimage\"},\"thumbnailUrl\":\"https:\/\/instituteprojectmanagement.com\/wp-content\/uploads\/2024\/05\/Screenshot-2024-05-30-212400.png\",\"datePublished\":\"2024-02-12T06:27:41+00:00\",\"dateModified\":\"2025-12-26T04:21:31+00:00\",\"description\":\"Impulsa tu carrera con nuestro Programa de Pr\u00e1cticas en Gesti\u00f3n de Proyectos y Embajadores del Campus. \u00a1Adquiere experiencia pr\u00e1ctica hoy mismo!\",\"breadcrumb\":{\"@id\":\"https:\/\/instituteprojectmanagement.com\/es\/pasantia-y-embajador-del-campus-de-ipm\/#breadcrumb\"},\"inLanguage\":\"es\",\"potentialAction\":[{\"@type\":\"ReadAction\",\"target\":[\"https:\/\/instituteprojectmanagement.com\/es\/pasantia-y-embajador-del-campus-de-ipm\/\"]}]},{\"@type\":\"ImageObject\",\"inLanguage\":\"es\",\"@id\":\"https:\/\/instituteprojectmanagement.com\/es\/pasantia-y-embajador-del-campus-de-ipm\/#primaryimage\",\"url\":\"https:\/\/instituteprojectmanagement.com\/wp-content\/uploads\/2024\/05\/Screenshot-2024-05-30-212400.png\",\"contentUrl\":\"https:\/\/instituteprojectmanagement.com\/wp-content\/uploads\/2024\/05\/Screenshot-2024-05-30-212400.png\",\"width\":2527,\"height\":1422,\"caption\":\"Project Management Internship &amp; Campus Ambassador Program.\"},{\"@type\":\"BreadcrumbList\",\"@id\":\"https:\/\/instituteprojectmanagement.com\/es\/pasantia-y-embajador-del-campus-de-ipm\/#breadcrumb\",\"itemListElement\":[{\"@type\":\"ListItem\",\"position\":1,\"name\":\"Home\",\"item\":\"https:\/\/instituteprojectmanagement.com\/es\/\"},{\"@type\":\"ListItem\",\"position\":2,\"name\":\"Pasant\u00eda y Embajador del Campus de IPM\"}]},{\"@type\":\"WebSite\",\"@id\":\"https:\/\/instituteprojectmanagement.com\/es\/#website\",\"url\":\"https:\/\/instituteprojectmanagement.com\/es\/\",\"name\":\"Institute of Project Management\",\"description\":\"PM Education Specialist since 1989\",\"publisher\":{\"@id\":\"https:\/\/instituteprojectmanagement.com\/es\/#organization\"},\"potentialAction\":[{\"@type\":\"SearchAction\",\"target\":{\"@type\":\"EntryPoint\",\"urlTemplate\":\"https:\/\/instituteprojectmanagement.com\/es\/?s={search_term_string}\"},\"query-input\":{\"@type\":\"PropertyValueSpecification\",\"valueRequired\":true,\"valueName\":\"search_term_string\"}}],\"inLanguage\":\"es\"},{\"@type\":\"Organization\",\"@id\":\"https:\/\/instituteprojectmanagement.com\/es\/#organization\",\"name\":\"Institute of Project Management\",\"alternateName\":\"Institute of Project Management\",\"url\":\"https:\/\/instituteprojectmanagement.com\/es\/\",\"logo\":{\"@type\":\"ImageObject\",\"inLanguage\":\"es\",\"@id\":\"https:\/\/instituteprojectmanagement.com\/es\/#\/schema\/logo\/image\/\",\"url\":\"https:\/\/instituteprojectmanagement.com\/wp-content\/uploads\/2022\/02\/IPMA-269x130-1.png\",\"contentUrl\":\"https:\/\/instituteprojectmanagement.com\/wp-content\/uploads\/2022\/02\/IPMA-269x130-1.png\",\"width\":269,\"height\":130,\"caption\":\"Institute of Project Management\"},\"image\":{\"@id\":\"https:\/\/instituteprojectmanagement.com\/es\/#\/schema\/logo\/image\/\"},\"sameAs\":[\"https:\/\/www.facebook.com\/instituteprojectmanagement\/\",\"https:\/\/x.com\/ProjectMgmtInst\",\"https:\/\/www.instagram.com\/instituteprojectmanagement\/\",\"https:\/\/www.linkedin.com\/school\/institute-project-management\/\",\"https:\/\/www.pinterest.ie\/InstituteofProjectManagement\/_created\/\",\"https:\/\/www.youtube.com\/channel\/UCXEs94TW0y_5b_X-FnDgv9Q\"]}]}<\/script>\n<!-- \/ Yoast SEO Premium plugin. -->","yoast_head_json":{"title":"Pr\u00e1cticas de gesti\u00f3n de proyectos y embajador del campus","description":"Impulsa tu carrera con nuestro Programa de Pr\u00e1cticas en Gesti\u00f3n de Proyectos y Embajadores del Campus. \u00a1Adquiere experiencia pr\u00e1ctica hoy mismo!","robots":{"index":"index","follow":"follow","max-snippet":"max-snippet:-1","max-image-preview":"max-image-preview:large","max-video-preview":"max-video-preview:-1"},"canonical":"https:\/\/instituteprojectmanagement.com\/es\/pasantia-y-embajador-del-campus-de-ipm\/","og_locale":"es_ES","og_type":"article","og_title":"Pasant\u00eda y Embajador del Campus de IPM | Become a Future Leader","og_description":"Impulsa tu carrera con nuestro Programa de Pr\u00e1cticas en Gesti\u00f3n de Proyectos y Embajadores del Campus. \u00a1Adquiere experiencia pr\u00e1ctica hoy mismo!","og_url":"https:\/\/instituteprojectmanagement.com\/es\/pasantia-y-embajador-del-campus-de-ipm\/","og_site_name":"Institute of Project Management","article_publisher":"https:\/\/www.facebook.com\/instituteprojectmanagement\/","article_modified_time":"2025-12-26T04:21:31+00:00","og_image":[{"url":"https:\/\/instituteprojectmanagement.com\/wp-content\/uploads\/2024\/05\/Screenshot-2024-05-30-212400-1024x576.png","type":"","width":"","height":""}],"twitter_card":"summary_large_image","twitter_title":"Pasant\u00eda y Embajador del Campus de IPM","twitter_site":"@ProjectMgmtInst","twitter_misc":{"Tiempo de lectura":"1 minuto"},"schema":{"@context":"https:\/\/schema.org","@graph":[{"@type":"WebPage","@id":"https:\/\/instituteprojectmanagement.com\/es\/pasantia-y-embajador-del-campus-de-ipm\/","url":"https:\/\/instituteprojectmanagement.com\/es\/pasantia-y-embajador-del-campus-de-ipm\/","name":"Pr\u00e1cticas de gesti\u00f3n de proyectos y embajador del campus","isPartOf":{"@id":"https:\/\/instituteprojectmanagement.com\/es\/#website"},"primaryImageOfPage":{"@id":"https:\/\/instituteprojectmanagement.com\/es\/pasantia-y-embajador-del-campus-de-ipm\/#primaryimage"},"image":{"@id":"https:\/\/instituteprojectmanagement.com\/es\/pasantia-y-embajador-del-campus-de-ipm\/#primaryimage"},"thumbnailUrl":"https:\/\/instituteprojectmanagement.com\/wp-content\/uploads\/2024\/05\/Screenshot-2024-05-30-212400.png","datePublished":"2024-02-12T06:27:41+00:00","dateModified":"2025-12-26T04:21:31+00:00","description":"Impulsa tu carrera con nuestro Programa de Pr\u00e1cticas en Gesti\u00f3n de Proyectos y Embajadores del Campus. \u00a1Adquiere experiencia pr\u00e1ctica hoy mismo!","breadcrumb":{"@id":"https:\/\/instituteprojectmanagement.com\/es\/pasantia-y-embajador-del-campus-de-ipm\/#breadcrumb"},"inLanguage":"es","potentialAction":[{"@type":"ReadAction","target":["https:\/\/instituteprojectmanagement.com\/es\/pasantia-y-embajador-del-campus-de-ipm\/"]}]},{"@type":"ImageObject","inLanguage":"es","@id":"https:\/\/instituteprojectmanagement.com\/es\/pasantia-y-embajador-del-campus-de-ipm\/#primaryimage","url":"https:\/\/instituteprojectmanagement.com\/wp-content\/uploads\/2024\/05\/Screenshot-2024-05-30-212400.png","contentUrl":"https:\/\/instituteprojectmanagement.com\/wp-content\/uploads\/2024\/05\/Screenshot-2024-05-30-212400.png","width":2527,"height":1422,"caption":"Project Management Internship &amp; Campus Ambassador Program."},{"@type":"BreadcrumbList","@id":"https:\/\/instituteprojectmanagement.com\/es\/pasantia-y-embajador-del-campus-de-ipm\/#breadcrumb","itemListElement":[{"@type":"ListItem","position":1,"name":"Home","item":"https:\/\/instituteprojectmanagement.com\/es\/"},{"@type":"ListItem","position":2,"name":"Pasant\u00eda y Embajador del Campus de IPM"}]},{"@type":"WebSite","@id":"https:\/\/instituteprojectmanagement.com\/es\/#website","url":"https:\/\/instituteprojectmanagement.com\/es\/","name":"Institute of Project Management","description":"PM Education Specialist since 1989","publisher":{"@id":"https:\/\/instituteprojectmanagement.com\/es\/#organization"},"potentialAction":[{"@type":"SearchAction","target":{"@type":"EntryPoint","urlTemplate":"https:\/\/instituteprojectmanagement.com\/es\/?s={search_term_string}"},"query-input":{"@type":"PropertyValueSpecification","valueRequired":true,"valueName":"search_term_string"}}],"inLanguage":"es"},{"@type":"Organization","@id":"https:\/\/instituteprojectmanagement.com\/es\/#organization","name":"Institute of Project Management","alternateName":"Institute of Project Management","url":"https:\/\/instituteprojectmanagement.com\/es\/","logo":{"@type":"ImageObject","inLanguage":"es","@id":"https:\/\/instituteprojectmanagement.com\/es\/#\/schema\/logo\/image\/","url":"https:\/\/instituteprojectmanagement.com\/wp-content\/uploads\/2022\/02\/IPMA-269x130-1.png","contentUrl":"https:\/\/instituteprojectmanagement.com\/wp-content\/uploads\/2022\/02\/IPMA-269x130-1.png","width":269,"height":130,"caption":"Institute of Project Management"},"image":{"@id":"https:\/\/instituteprojectmanagement.com\/es\/#\/schema\/logo\/image\/"},"sameAs":["https:\/\/www.facebook.com\/instituteprojectmanagement\/","https:\/\/x.com\/ProjectMgmtInst","https:\/\/www.instagram.com\/instituteprojectmanagement\/","https:\/\/www.linkedin.com\/school\/institute-project-management\/","https:\/\/www.pinterest.ie\/InstituteofProjectManagement\/_created\/","https:\/\/www.youtube.com\/channel\/UCXEs94TW0y_5b_X-FnDgv9Q"]}]}},"translations":{"en":{"url":"https:\/\/instituteprojectmanagement.com\/internship\/","id":37467,"language_name":"English"},"es":{"url":"https:\/\/instituteprojectmanagement.com\/es\/pasantia-y-embajador-del-campus-de-ipm\/","id":134627,"language_name":"Espa\u00f1ol"}},"_links":{"self":[{"href":"https:\/\/instituteprojectmanagement.com\/es\/wp-json\/wp\/v2\/pages\/134627","targetHints":{"allow":["GET"]}}],"collection":[{"href":"https:\/\/instituteprojectmanagement.com\/es\/wp-json\/wp\/v2\/pages"}],"about":[{"href":"https:\/\/instituteprojectmanagement.com\/es\/wp-json\/wp\/v2\/types\/page"}],"author":[{"embeddable":true,"href":"https:\/\/instituteprojectmanagement.com\/es\/wp-json\/wp\/v2\/users\/8"}],"replies":[{"embeddable":true,"href":"https:\/\/instituteprojectmanagement.com\/es\/wp-json\/wp\/v2\/comments?post=134627"}],"version-history":[{"count":4,"href":"https:\/\/instituteprojectmanagement.com\/es\/wp-json\/wp\/v2\/pages\/134627\/revisions"}],"predecessor-version":[{"id":134712,"href":"https:\/\/instituteprojectmanagement.com\/es\/wp-json\/wp\/v2\/pages\/134627\/revisions\/134712"}],"wp:featuredmedia":[{"embeddable":true,"href":"https:\/\/instituteprojectmanagement.com\/es\/wp-json\/wp\/v2\/media\/134626"}],"wp:attachment":[{"href":"https:\/\/instituteprojectmanagement.com\/es\/wp-json\/wp\/v2\/media?parent=134627"}],"curies":[{"name":"wp","href":"https:\/\/api.w.org\/{rel}","templated":true}]}}