{"id":134521,"date":"2025-02-11T09:56:04","date_gmt":"2025-02-11T09:56:04","guid":{"rendered":"https:\/\/instituteprojectmanagement.com\/centro-mip\/"},"modified":"2025-12-24T09:54:03","modified_gmt":"2025-12-24T09:54:03","slug":"centro-mip","status":"publish","type":"page","link":"https:\/\/instituteprojectmanagement.com\/es\/centro-mip\/","title":{"rendered":"Centro MIP"},"content":{"rendered":"","protected":false},"excerpt":{"rendered":"","protected":false},"author":52,"featured_media":134511,"parent":0,"menu_order":0,"comment_status":"closed","ping_status":"closed","template":"page-ipmhub_landing.php","meta":{"_acf_changed":false,"_yoast_wpseo_title":"Centro IPM | Instituto de Gesti\u00f3n de Proyectos","_yoast_wpseo_metadesc":"Un centro dedicado a profesionales de la gesti\u00f3n de proyectos de todos los niveles. IPM Hub fomenta la innovaci\u00f3n, ofreciendo formaci\u00f3n, networking y recursos.","inline_featured_image":false,"footnotes":""},"class_list":["post-134521","page","type-page","status-publish","has-post-thumbnail","hentry"],"acf":[],"yoast_head":"<!-- This site is optimized with the Yoast SEO Premium plugin v19.2.1 (Yoast SEO v27.1.1) - https:\/\/yoast.com\/product\/yoast-seo-premium-wordpress\/ -->\n<title>Centro IPM | Instituto de Gesti\u00f3n de Proyectos<\/title>\n<meta name=\"description\" content=\"Un centro dedicado a profesionales de la gesti\u00f3n de proyectos de todos los niveles. IPM Hub fomenta la innovaci\u00f3n, ofreciendo formaci\u00f3n, networking y recursos.\" \/>\n<meta name=\"robots\" content=\"index, follow, max-snippet:-1, max-image-preview:large, max-video-preview:-1\" \/>\n<link rel=\"canonical\" href=\"https:\/\/instituteprojectmanagement.com\/es\/centro-mip\/\" \/>\n<meta property=\"og:locale\" content=\"es_ES\" \/>\n<meta property=\"og:type\" content=\"article\" \/>\n<meta property=\"og:title\" content=\"Centro IPM | Instituto de Gesti\u00f3n de Proyectos\" \/>\n<meta property=\"og:description\" content=\"Un centro dedicado a profesionales de la gesti\u00f3n de proyectos de todos los niveles. IPM Hub fomenta la innovaci\u00f3n, ofreciendo formaci\u00f3n, networking y recursos.\" \/>\n<meta property=\"og:url\" content=\"https:\/\/instituteprojectmanagement.com\/es\/centro-mip\/\" \/>\n<meta property=\"og:site_name\" content=\"Institute of Project Management\" \/>\n<meta property=\"article:publisher\" content=\"https:\/\/www.facebook.com\/instituteprojectmanagement\/\" \/>\n<meta property=\"article:modified_time\" content=\"2025-12-24T09:54:03+00:00\" \/>\n<meta property=\"og:image\" content=\"https:\/\/instituteprojectmanagement.com\/wp-content\/uploads\/2025\/02\/IPM-Hub-Sign-Up-Page-1024x920.jpg\" \/>\n<meta name=\"twitter:card\" content=\"summary_large_image\" \/>\n<meta name=\"twitter:title\" content=\"Centro MIP\" \/>\n<meta name=\"twitter:site\" content=\"@ProjectMgmtInst\" \/>\n<meta name=\"twitter:label1\" content=\"Tiempo de lectura\" \/>\n\t<meta name=\"twitter:data1\" content=\"1 minuto\" \/>\n<script type=\"application\/ld+json\" class=\"yoast-schema-graph\">{\"@context\":\"https:\/\/schema.org\",\"@graph\":[{\"@type\":\"WebPage\",\"@id\":\"https:\/\/instituteprojectmanagement.com\/es\/centro-mip\/\",\"url\":\"https:\/\/instituteprojectmanagement.com\/es\/centro-mip\/\",\"name\":\"Centro IPM | Instituto de Gesti\u00f3n de Proyectos\",\"isPartOf\":{\"@id\":\"https:\/\/instituteprojectmanagement.com\/es\/#website\"},\"primaryImageOfPage\":{\"@id\":\"https:\/\/instituteprojectmanagement.com\/es\/centro-mip\/#primaryimage\"},\"image\":{\"@id\":\"https:\/\/instituteprojectmanagement.com\/es\/centro-mip\/#primaryimage\"},\"thumbnailUrl\":\"https:\/\/instituteprojectmanagement.com\/wp-content\/uploads\/2025\/02\/IPM-Hub-Sign-Up-Page.jpg\",\"datePublished\":\"2025-02-11T09:56:04+00:00\",\"dateModified\":\"2025-12-24T09:54:03+00:00\",\"description\":\"Un centro dedicado a profesionales de la gesti\u00f3n de proyectos de todos los niveles. IPM Hub fomenta la innovaci\u00f3n, ofreciendo formaci\u00f3n, networking y recursos.\",\"breadcrumb\":{\"@id\":\"https:\/\/instituteprojectmanagement.com\/es\/centro-mip\/#breadcrumb\"},\"inLanguage\":\"es\",\"potentialAction\":[{\"@type\":\"ReadAction\",\"target\":[\"https:\/\/instituteprojectmanagement.com\/es\/centro-mip\/\"]}]},{\"@type\":\"ImageObject\",\"inLanguage\":\"es\",\"@id\":\"https:\/\/instituteprojectmanagement.com\/es\/centro-mip\/#primaryimage\",\"url\":\"https:\/\/instituteprojectmanagement.com\/wp-content\/uploads\/2025\/02\/IPM-Hub-Sign-Up-Page.jpg\",\"contentUrl\":\"https:\/\/instituteprojectmanagement.com\/wp-content\/uploads\/2025\/02\/IPM-Hub-Sign-Up-Page.jpg\",\"width\":2000,\"height\":1796},{\"@type\":\"BreadcrumbList\",\"@id\":\"https:\/\/instituteprojectmanagement.com\/es\/centro-mip\/#breadcrumb\",\"itemListElement\":[{\"@type\":\"ListItem\",\"position\":1,\"name\":\"Home\",\"item\":\"https:\/\/instituteprojectmanagement.com\/es\/\"},{\"@type\":\"ListItem\",\"position\":2,\"name\":\"Centro MIP\"}]},{\"@type\":\"WebSite\",\"@id\":\"https:\/\/instituteprojectmanagement.com\/es\/#website\",\"url\":\"https:\/\/instituteprojectmanagement.com\/es\/\",\"name\":\"Institute of Project Management\",\"description\":\"PM Education Specialist since 1989\",\"publisher\":{\"@id\":\"https:\/\/instituteprojectmanagement.com\/es\/#organization\"},\"potentialAction\":[{\"@type\":\"SearchAction\",\"target\":{\"@type\":\"EntryPoint\",\"urlTemplate\":\"https:\/\/instituteprojectmanagement.com\/es\/?s={search_term_string}\"},\"query-input\":{\"@type\":\"PropertyValueSpecification\",\"valueRequired\":true,\"valueName\":\"search_term_string\"}}],\"inLanguage\":\"es\"},{\"@type\":\"Organization\",\"@id\":\"https:\/\/instituteprojectmanagement.com\/es\/#organization\",\"name\":\"Institute of Project Management\",\"alternateName\":\"Institute of Project Management\",\"url\":\"https:\/\/instituteprojectmanagement.com\/es\/\",\"logo\":{\"@type\":\"ImageObject\",\"inLanguage\":\"es\",\"@id\":\"https:\/\/instituteprojectmanagement.com\/es\/#\/schema\/logo\/image\/\",\"url\":\"https:\/\/instituteprojectmanagement.com\/wp-content\/uploads\/2022\/02\/IPMA-269x130-1.png\",\"contentUrl\":\"https:\/\/instituteprojectmanagement.com\/wp-content\/uploads\/2022\/02\/IPMA-269x130-1.png\",\"width\":269,\"height\":130,\"caption\":\"Institute of Project Management\"},\"image\":{\"@id\":\"https:\/\/instituteprojectmanagement.com\/es\/#\/schema\/logo\/image\/\"},\"sameAs\":[\"https:\/\/www.facebook.com\/instituteprojectmanagement\/\",\"https:\/\/x.com\/ProjectMgmtInst\",\"https:\/\/www.instagram.com\/instituteprojectmanagement\/\",\"https:\/\/www.linkedin.com\/school\/institute-project-management\/\",\"https:\/\/www.pinterest.ie\/InstituteofProjectManagement\/_created\/\",\"https:\/\/www.youtube.com\/channel\/UCXEs94TW0y_5b_X-FnDgv9Q\"]}]}<\/script>\n<!-- \/ Yoast SEO Premium plugin. -->","yoast_head_json":{"title":"Centro IPM | Instituto de Gesti\u00f3n de Proyectos","description":"Un centro dedicado a profesionales de la gesti\u00f3n de proyectos de todos los niveles. IPM Hub fomenta la innovaci\u00f3n, ofreciendo formaci\u00f3n, networking y recursos.","robots":{"index":"index","follow":"follow","max-snippet":"max-snippet:-1","max-image-preview":"max-image-preview:large","max-video-preview":"max-video-preview:-1"},"canonical":"https:\/\/instituteprojectmanagement.com\/es\/centro-mip\/","og_locale":"es_ES","og_type":"article","og_title":"Centro IPM | Instituto de Gesti\u00f3n de Proyectos","og_description":"Un centro dedicado a profesionales de la gesti\u00f3n de proyectos de todos los niveles. IPM Hub fomenta la innovaci\u00f3n, ofreciendo formaci\u00f3n, networking y recursos.","og_url":"https:\/\/instituteprojectmanagement.com\/es\/centro-mip\/","og_site_name":"Institute of Project Management","article_publisher":"https:\/\/www.facebook.com\/instituteprojectmanagement\/","article_modified_time":"2025-12-24T09:54:03+00:00","og_image":[{"url":"https:\/\/instituteprojectmanagement.com\/wp-content\/uploads\/2025\/02\/IPM-Hub-Sign-Up-Page-1024x920.jpg","type":"","width":"","height":""}],"twitter_card":"summary_large_image","twitter_title":"Centro MIP","twitter_site":"@ProjectMgmtInst","twitter_misc":{"Tiempo de lectura":"1 minuto"},"schema":{"@context":"https:\/\/schema.org","@graph":[{"@type":"WebPage","@id":"https:\/\/instituteprojectmanagement.com\/es\/centro-mip\/","url":"https:\/\/instituteprojectmanagement.com\/es\/centro-mip\/","name":"Centro IPM | Instituto de Gesti\u00f3n de Proyectos","isPartOf":{"@id":"https:\/\/instituteprojectmanagement.com\/es\/#website"},"primaryImageOfPage":{"@id":"https:\/\/instituteprojectmanagement.com\/es\/centro-mip\/#primaryimage"},"image":{"@id":"https:\/\/instituteprojectmanagement.com\/es\/centro-mip\/#primaryimage"},"thumbnailUrl":"https:\/\/instituteprojectmanagement.com\/wp-content\/uploads\/2025\/02\/IPM-Hub-Sign-Up-Page.jpg","datePublished":"2025-02-11T09:56:04+00:00","dateModified":"2025-12-24T09:54:03+00:00","description":"Un centro dedicado a profesionales de la gesti\u00f3n de proyectos de todos los niveles. IPM Hub fomenta la innovaci\u00f3n, ofreciendo formaci\u00f3n, networking y recursos.","breadcrumb":{"@id":"https:\/\/instituteprojectmanagement.com\/es\/centro-mip\/#breadcrumb"},"inLanguage":"es","potentialAction":[{"@type":"ReadAction","target":["https:\/\/instituteprojectmanagement.com\/es\/centro-mip\/"]}]},{"@type":"ImageObject","inLanguage":"es","@id":"https:\/\/instituteprojectmanagement.com\/es\/centro-mip\/#primaryimage","url":"https:\/\/instituteprojectmanagement.com\/wp-content\/uploads\/2025\/02\/IPM-Hub-Sign-Up-Page.jpg","contentUrl":"https:\/\/instituteprojectmanagement.com\/wp-content\/uploads\/2025\/02\/IPM-Hub-Sign-Up-Page.jpg","width":2000,"height":1796},{"@type":"BreadcrumbList","@id":"https:\/\/instituteprojectmanagement.com\/es\/centro-mip\/#breadcrumb","itemListElement":[{"@type":"ListItem","position":1,"name":"Home","item":"https:\/\/instituteprojectmanagement.com\/es\/"},{"@type":"ListItem","position":2,"name":"Centro MIP"}]},{"@type":"WebSite","@id":"https:\/\/instituteprojectmanagement.com\/es\/#website","url":"https:\/\/instituteprojectmanagement.com\/es\/","name":"Institute of Project Management","description":"PM Education Specialist since 1989","publisher":{"@id":"https:\/\/instituteprojectmanagement.com\/es\/#organization"},"potentialAction":[{"@type":"SearchAction","target":{"@type":"EntryPoint","urlTemplate":"https:\/\/instituteprojectmanagement.com\/es\/?s={search_term_string}"},"query-input":{"@type":"PropertyValueSpecification","valueRequired":true,"valueName":"search_term_string"}}],"inLanguage":"es"},{"@type":"Organization","@id":"https:\/\/instituteprojectmanagement.com\/es\/#organization","name":"Institute of Project Management","alternateName":"Institute of Project Management","url":"https:\/\/instituteprojectmanagement.com\/es\/","logo":{"@type":"ImageObject","inLanguage":"es","@id":"https:\/\/instituteprojectmanagement.com\/es\/#\/schema\/logo\/image\/","url":"https:\/\/instituteprojectmanagement.com\/wp-content\/uploads\/2022\/02\/IPMA-269x130-1.png","contentUrl":"https:\/\/instituteprojectmanagement.com\/wp-content\/uploads\/2022\/02\/IPMA-269x130-1.png","width":269,"height":130,"caption":"Institute of Project Management"},"image":{"@id":"https:\/\/instituteprojectmanagement.com\/es\/#\/schema\/logo\/image\/"},"sameAs":["https:\/\/www.facebook.com\/instituteprojectmanagement\/","https:\/\/x.com\/ProjectMgmtInst","https:\/\/www.instagram.com\/instituteprojectmanagement\/","https:\/\/www.linkedin.com\/school\/institute-project-management\/","https:\/\/www.pinterest.ie\/InstituteofProjectManagement\/_created\/","https:\/\/www.youtube.com\/channel\/UCXEs94TW0y_5b_X-FnDgv9Q"]}]}},"translations":{"en":{"url":"https:\/\/instituteprojectmanagement.com\/ipm-hub\/","id":52904,"language_name":"English"},"es":{"url":"https:\/\/instituteprojectmanagement.com\/es\/centro-mip\/","id":134521,"language_name":"Espa\u00f1ol"}},"_links":{"self":[{"href":"https:\/\/instituteprojectmanagement.com\/es\/wp-json\/wp\/v2\/pages\/134521","targetHints":{"allow":["GET"]}}],"collection":[{"href":"https:\/\/instituteprojectmanagement.com\/es\/wp-json\/wp\/v2\/pages"}],"about":[{"href":"https:\/\/instituteprojectmanagement.com\/es\/wp-json\/wp\/v2\/types\/page"}],"author":[{"embeddable":true,"href":"https:\/\/instituteprojectmanagement.com\/es\/wp-json\/wp\/v2\/users\/52"}],"replies":[{"embeddable":true,"href":"https:\/\/instituteprojectmanagement.com\/es\/wp-json\/wp\/v2\/comments?post=134521"}],"version-history":[{"count":3,"href":"https:\/\/instituteprojectmanagement.com\/es\/wp-json\/wp\/v2\/pages\/134521\/revisions"}],"predecessor-version":[{"id":134547,"href":"https:\/\/instituteprojectmanagement.com\/es\/wp-json\/wp\/v2\/pages\/134521\/revisions\/134547"}],"wp:featuredmedia":[{"embeddable":true,"href":"https:\/\/instituteprojectmanagement.com\/es\/wp-json\/wp\/v2\/media\/134511"}],"wp:attachment":[{"href":"https:\/\/instituteprojectmanagement.com\/es\/wp-json\/wp\/v2\/media?parent=134521"}],"curies":[{"name":"wp","href":"https:\/\/api.w.org\/{rel}","templated":true}]}}