{"id":129604,"date":"2021-03-15T08:08:49","date_gmt":"2021-03-15T08:08:49","guid":{"rendered":"https:\/\/instituteprojectmanagement.com\/pagina-de-inicio\/"},"modified":"2026-03-26T04:41:36","modified_gmt":"2026-03-26T04:41:36","slug":"pagina-de-inicio","status":"publish","type":"page","link":"https:\/\/instituteprojectmanagement.com\/es\/","title":{"rendered":"P\u00e1gina de inicio"},"content":{"rendered":"","protected":false},"excerpt":{"rendered":"","protected":false},"author":3,"featured_media":0,"parent":0,"menu_order":0,"comment_status":"closed","ping_status":"closed","template":"","meta":{"_acf_changed":true,"inline_featured_image":false,"footnotes":""},"class_list":["post-129604","page","type-page","status-publish","hentry"],"acf":[],"yoast_head":"<!-- This site is optimized with the Yoast SEO Premium plugin v19.2.1 (Yoast SEO v27.1.1) - https:\/\/yoast.com\/product\/yoast-seo-premium-wordpress\/ -->\n<title>Institute of Project Management | Especialista en Gesti\u00f3n de Proyectos<\/title>\n<meta name=\"description\" content=\"IPM es famoso por su recorrido profesional integrado de tres etapas, que va de la Gesti\u00f3n de Proyectos a la Direcci\u00f3n de Proyectos.\" \/>\n<meta name=\"robots\" content=\"index, follow, max-snippet:-1, max-image-preview:large, max-video-preview:-1\" \/>\n<link rel=\"canonical\" href=\"https:\/\/instituteprojectmanagement.com\/es\/\" \/>\n<meta property=\"og:locale\" content=\"es_ES\" \/>\n<meta property=\"og:type\" content=\"article\" \/>\n<meta property=\"og:title\" content=\"Instituto de Gesti\u00f3n de Proyectos - Especialista en Gesti\u00f3n de Proyectos desde 1989\" \/>\n<meta property=\"og:description\" content=\"El Instituto est\u00e1 reconocido mundialmente como la principal autoridad irlandesa de educaci\u00f3n y certificaci\u00f3n que imparte cursos de gesti\u00f3n de proyectos. M\u00e1s informaci\u00f3n\" \/>\n<meta property=\"og:url\" content=\"https:\/\/instituteprojectmanagement.com\/es\/\" \/>\n<meta property=\"og:site_name\" content=\"Institute of Project Management\" \/>\n<meta property=\"article:publisher\" content=\"https:\/\/www.facebook.com\/instituteprojectmanagement\/\" \/>\n<meta property=\"article:modified_time\" content=\"2026-03-26T04:41:36+00:00\" \/>\n<meta property=\"og:image\" content=\"http:\/\/instituteprojectmanagement.com\/wp-content\/uploads\/2025\/09\/Background-38-300x300.png\" \/>\n<meta name=\"twitter:card\" content=\"summary_large_image\" \/>\n<meta name=\"twitter:title\" content=\"Instituto de Gesti\u00f3n de Proyectos - Especialista en Gesti\u00f3n de Proyectos desde 1989\" \/>\n<meta name=\"twitter:description\" content=\"El Instituto est\u00e1 reconocido mundialmente como la principal autoridad irlandesa de educaci\u00f3n y certificaci\u00f3n que imparte cursos de gesti\u00f3n de proyectos. M\u00e1s informaci\u00f3n\" \/>\n<meta name=\"twitter:image\" content=\"http:\/\/instituteprojectmanagement.com\/wp-content\/uploads\/2025\/09\/Background-38-1024x1024.png\" \/>\n<meta name=\"twitter:site\" content=\"@ProjectMgmtInst\" \/>\n<script type=\"application\/ld+json\" class=\"yoast-schema-graph\">{\"@context\":\"https:\/\/schema.org\",\"@graph\":[{\"@type\":\"WebPage\",\"@id\":\"https:\/\/instituteprojectmanagement.com\/es\/\",\"url\":\"https:\/\/instituteprojectmanagement.com\/es\/\",\"name\":\"Institute of Project Management | Especialista en Gesti\u00f3n de Proyectos\",\"isPartOf\":{\"@id\":\"https:\/\/instituteprojectmanagement.com\/es\/#website\"},\"datePublished\":\"2021-03-15T08:08:49+00:00\",\"dateModified\":\"2026-03-26T04:41:36+00:00\",\"description\":\"IPM es famoso por su recorrido profesional integrado de tres etapas, que va de la Gesti\u00f3n de Proyectos a la Direcci\u00f3n de Proyectos.\",\"breadcrumb\":{\"@id\":\"https:\/\/instituteprojectmanagement.com\/es\/#breadcrumb\"},\"inLanguage\":\"es\",\"potentialAction\":[{\"@type\":\"ReadAction\",\"target\":[\"https:\/\/instituteprojectmanagement.com\/es\/\"]}]},{\"@type\":\"BreadcrumbList\",\"@id\":\"https:\/\/instituteprojectmanagement.com\/es\/#breadcrumb\",\"itemListElement\":[{\"@type\":\"ListItem\",\"position\":1,\"name\":\"Home\",\"item\":\"https:\/\/instituteprojectmanagement.com\/es\/\"},{\"@type\":\"ListItem\",\"position\":2,\"name\":\"P\u00e1gina de inicio\"}]},{\"@type\":\"WebSite\",\"@id\":\"https:\/\/instituteprojectmanagement.com\/es\/#website\",\"url\":\"https:\/\/instituteprojectmanagement.com\/es\/\",\"name\":\"Institute of Project Management\",\"description\":\"PM Education Specialist since 1989\",\"publisher\":{\"@id\":\"https:\/\/instituteprojectmanagement.com\/es\/#organization\"},\"potentialAction\":[{\"@type\":\"SearchAction\",\"target\":{\"@type\":\"EntryPoint\",\"urlTemplate\":\"https:\/\/instituteprojectmanagement.com\/es\/?s={search_term_string}\"},\"query-input\":{\"@type\":\"PropertyValueSpecification\",\"valueRequired\":true,\"valueName\":\"search_term_string\"}}],\"inLanguage\":\"es\"},{\"@type\":\"Organization\",\"@id\":\"https:\/\/instituteprojectmanagement.com\/es\/#organization\",\"name\":\"Institute of Project Management\",\"alternateName\":\"Institute of Project Management\",\"url\":\"https:\/\/instituteprojectmanagement.com\/es\/\",\"logo\":{\"@type\":\"ImageObject\",\"inLanguage\":\"es\",\"@id\":\"https:\/\/instituteprojectmanagement.com\/es\/#\/schema\/logo\/image\/\",\"url\":\"https:\/\/instituteprojectmanagement.com\/wp-content\/uploads\/2022\/02\/IPMA-269x130-1.png\",\"contentUrl\":\"https:\/\/instituteprojectmanagement.com\/wp-content\/uploads\/2022\/02\/IPMA-269x130-1.png\",\"width\":269,\"height\":130,\"caption\":\"Institute of Project Management\"},\"image\":{\"@id\":\"https:\/\/instituteprojectmanagement.com\/es\/#\/schema\/logo\/image\/\"},\"sameAs\":[\"https:\/\/www.facebook.com\/instituteprojectmanagement\/\",\"https:\/\/x.com\/ProjectMgmtInst\",\"https:\/\/www.instagram.com\/instituteprojectmanagement\/\",\"https:\/\/www.linkedin.com\/school\/institute-project-management\/\",\"https:\/\/www.pinterest.ie\/InstituteofProjectManagement\/_created\/\",\"https:\/\/www.youtube.com\/channel\/UCXEs94TW0y_5b_X-FnDgv9Q\"]}]}<\/script>\n<!-- \/ Yoast SEO Premium plugin. -->","yoast_head_json":{"title":"Institute of Project Management | Especialista en Gesti\u00f3n de Proyectos","description":"IPM es famoso por su recorrido profesional integrado de tres etapas, que va de la Gesti\u00f3n de Proyectos a la Direcci\u00f3n de Proyectos.","robots":{"index":"index","follow":"follow","max-snippet":"max-snippet:-1","max-image-preview":"max-image-preview:large","max-video-preview":"max-video-preview:-1"},"canonical":"https:\/\/instituteprojectmanagement.com\/es\/","og_locale":"es_ES","og_type":"article","og_title":"Instituto de Gesti\u00f3n de Proyectos - Especialista en Gesti\u00f3n de Proyectos desde 1989","og_description":"El Instituto est\u00e1 reconocido mundialmente como la principal autoridad irlandesa de educaci\u00f3n y certificaci\u00f3n que imparte cursos de gesti\u00f3n de proyectos. M\u00e1s informaci\u00f3n","og_url":"https:\/\/instituteprojectmanagement.com\/es\/","og_site_name":"Institute of Project Management","article_publisher":"https:\/\/www.facebook.com\/instituteprojectmanagement\/","article_modified_time":"2026-03-26T04:41:36+00:00","og_image":[{"url":"http:\/\/instituteprojectmanagement.com\/wp-content\/uploads\/2025\/09\/Background-38-300x300.png","type":"","width":"","height":""}],"twitter_card":"summary_large_image","twitter_title":"Instituto de Gesti\u00f3n de Proyectos - Especialista en Gesti\u00f3n de Proyectos desde 1989","twitter_description":"El Instituto est\u00e1 reconocido mundialmente como la principal autoridad irlandesa de educaci\u00f3n y certificaci\u00f3n que imparte cursos de gesti\u00f3n de proyectos. M\u00e1s informaci\u00f3n","twitter_image":"http:\/\/instituteprojectmanagement.com\/wp-content\/uploads\/2025\/09\/Background-38-1024x1024.png","twitter_site":"@ProjectMgmtInst","schema":{"@context":"https:\/\/schema.org","@graph":[{"@type":"WebPage","@id":"https:\/\/instituteprojectmanagement.com\/es\/","url":"https:\/\/instituteprojectmanagement.com\/es\/","name":"Institute of Project Management | Especialista en Gesti\u00f3n de Proyectos","isPartOf":{"@id":"https:\/\/instituteprojectmanagement.com\/es\/#website"},"datePublished":"2021-03-15T08:08:49+00:00","dateModified":"2026-03-26T04:41:36+00:00","description":"IPM es famoso por su recorrido profesional integrado de tres etapas, que va de la Gesti\u00f3n de Proyectos a la Direcci\u00f3n de Proyectos.","breadcrumb":{"@id":"https:\/\/instituteprojectmanagement.com\/es\/#breadcrumb"},"inLanguage":"es","potentialAction":[{"@type":"ReadAction","target":["https:\/\/instituteprojectmanagement.com\/es\/"]}]},{"@type":"BreadcrumbList","@id":"https:\/\/instituteprojectmanagement.com\/es\/#breadcrumb","itemListElement":[{"@type":"ListItem","position":1,"name":"Home","item":"https:\/\/instituteprojectmanagement.com\/es\/"},{"@type":"ListItem","position":2,"name":"P\u00e1gina de inicio"}]},{"@type":"WebSite","@id":"https:\/\/instituteprojectmanagement.com\/es\/#website","url":"https:\/\/instituteprojectmanagement.com\/es\/","name":"Institute of Project Management","description":"PM Education Specialist since 1989","publisher":{"@id":"https:\/\/instituteprojectmanagement.com\/es\/#organization"},"potentialAction":[{"@type":"SearchAction","target":{"@type":"EntryPoint","urlTemplate":"https:\/\/instituteprojectmanagement.com\/es\/?s={search_term_string}"},"query-input":{"@type":"PropertyValueSpecification","valueRequired":true,"valueName":"search_term_string"}}],"inLanguage":"es"},{"@type":"Organization","@id":"https:\/\/instituteprojectmanagement.com\/es\/#organization","name":"Institute of Project Management","alternateName":"Institute of Project Management","url":"https:\/\/instituteprojectmanagement.com\/es\/","logo":{"@type":"ImageObject","inLanguage":"es","@id":"https:\/\/instituteprojectmanagement.com\/es\/#\/schema\/logo\/image\/","url":"https:\/\/instituteprojectmanagement.com\/wp-content\/uploads\/2022\/02\/IPMA-269x130-1.png","contentUrl":"https:\/\/instituteprojectmanagement.com\/wp-content\/uploads\/2022\/02\/IPMA-269x130-1.png","width":269,"height":130,"caption":"Institute of Project Management"},"image":{"@id":"https:\/\/instituteprojectmanagement.com\/es\/#\/schema\/logo\/image\/"},"sameAs":["https:\/\/www.facebook.com\/instituteprojectmanagement\/","https:\/\/x.com\/ProjectMgmtInst","https:\/\/www.instagram.com\/instituteprojectmanagement\/","https:\/\/www.linkedin.com\/school\/institute-project-management\/","https:\/\/www.pinterest.ie\/InstituteofProjectManagement\/_created\/","https:\/\/www.youtube.com\/channel\/UCXEs94TW0y_5b_X-FnDgv9Q"]}]}},"translations":{"en":{"url":"https:\/\/instituteprojectmanagement.com\/homepage\/","id":33,"language_name":"English"},"es":{"url":"https:\/\/instituteprojectmanagement.com\/es\/","id":129604,"language_name":"Espa\u00f1ol"}},"_links":{"self":[{"href":"https:\/\/instituteprojectmanagement.com\/es\/wp-json\/wp\/v2\/pages\/129604","targetHints":{"allow":["GET"]}}],"collection":[{"href":"https:\/\/instituteprojectmanagement.com\/es\/wp-json\/wp\/v2\/pages"}],"about":[{"href":"https:\/\/instituteprojectmanagement.com\/es\/wp-json\/wp\/v2\/types\/page"}],"author":[{"embeddable":true,"href":"https:\/\/instituteprojectmanagement.com\/es\/wp-json\/wp\/v2\/users\/3"}],"replies":[{"embeddable":true,"href":"https:\/\/instituteprojectmanagement.com\/es\/wp-json\/wp\/v2\/comments?post=129604"}],"version-history":[{"count":26,"href":"https:\/\/instituteprojectmanagement.com\/es\/wp-json\/wp\/v2\/pages\/129604\/revisions"}],"predecessor-version":[{"id":136830,"href":"https:\/\/instituteprojectmanagement.com\/es\/wp-json\/wp\/v2\/pages\/129604\/revisions\/136830"}],"wp:attachment":[{"href":"https:\/\/instituteprojectmanagement.com\/es\/wp-json\/wp\/v2\/media?parent=129604"}],"curies":[{"name":"wp","href":"https:\/\/api.w.org\/{rel}","templated":true}]}}